{"id":838,"date":"2021-12-06T14:56:37","date_gmt":"2021-12-06T13:56:37","guid":{"rendered":"https:\/\/www.peche-village-neuf.fr\/?page_id=838"},"modified":"2025-02-10T14:28:46","modified_gmt":"2025-02-10T13:28:46","slug":"preise-interbundes-karte","status":"publish","type":"page","link":"https:\/\/www.peche-village-neuf.fr\/de\/meine-fischereirechte\/preise-interbundes-karte\/","title":{"rendered":"Preise Interbundes Karte 2025"},"content":{"rendered":"<h2>Preise f\u00fcr interbundeskarte<\/h2>\n<p><b><span lang=\"DE\">Einschlissend Zugang zu allen in nationaler und Bundes 68 Gegenseitigkeit gelegten Strecken sowie die private Strecke des Vereines. (ausgeschlossen der Weiher).<\/span><\/b><\/p>\n<table>\n<tbody>\n<tr>\n<td width=\"612\"><b><u><span lang=\"DE\">Angelschein f\u00fcr Vollj\u00e4hrige<\/span><\/u><\/b><\/p>\n<p>Jahreskarte f\u00fcr Vollj\u00e4hrige mit Zugang an 1. und 2. Kategorie, allen erlaubten Fischerarten<\/p>\n<p>Die CPMA wird nur ein Mal entrichtet und gibt die M\u00f6glichkeit in allen nationaler Gegenseitigkeit gelegten Strecken zu angeln<\/td>\n<td width=\"87\"><strong>112 euros<\/strong><\/td>\n<\/tr>\n<tr>\n<td width=\"612\"><\/td>\n<td width=\"87\"><\/td>\n<\/tr>\n<\/tbody>\n<\/table>\n<table>\n<tbody>\n<tr>\n<td width=\"612\"><b><u>Angelschein f\u00fcr Minderj\u00e4hrige<\/u><\/b><\/p>\n<p>Jahreskarte f\u00fcr Minderj\u00e4hrige (alter zwischen 12 und 18 am 1. Januar des Jahres) mit Zugang an 1. und 2. Kategorie, allen erlaubten Fischerarten<\/p>\n<p>Die CPMA wird nur ein Mal entrichtet und gibt die M\u00f6glichkeit in allen nationaler Gegenseitigkeit gelegten Strecken zu angeln.<\/td>\n<td width=\"87\"><strong>27 euros<\/strong><\/td>\n<\/tr>\n<tr>\n<td width=\"612\"><\/td>\n<td width=\"87\"><\/td>\n<\/tr>\n<\/tbody>\n<\/table>\n<table>\n<tbody>\n<tr>\n<td width=\"612\"><b><u><span lang=\"DE\">Entdeckungsschein<\/span><\/u><\/b><\/p>\n<p>Jahreskarte Entdeckung (alter unter 12 Jahre am 1. Januar des Jahres) mit Zugang an 1. und 2. Kategorie, allen erlaubten Fischerarten<\/p>\n<p>Die CPMA wird nur ein Mal entrichtet und gibt die M\u00f6glichkeit in allen nationaler Gegenseitigkeit gelegten Strecken zu angeln.<\/p>\n<p>Achtung: erlaubt ist nur 1 Rute<\/td>\n<td width=\"87\"><strong>7 euros<\/strong><\/td>\n<\/tr>\n<tr>\n<td><\/td>\n<td><\/td>\n<\/tr>\n<\/tbody>\n<\/table>\n<table>\n<tbody>\n<tr>\n<td width=\"612\"><b><u><span lang=\"DE\">Kennenlernschein f\u00fcr Frauen<\/span><\/u><\/b><\/p>\n<p>Jahreskarte f\u00fcr Frauen mit Zugang an 1. und 2. Kategorie, allen erlaubten Fischerarten<\/p>\n<p>Die CPMA wird nur ein Mal entrichtet und gibt die M\u00f6glichkeit in allen nationaler Gegenseitigkeit gelegten Strecken zu angeln<\/p>\n<p>Achtung: erlaubt ist nur 1 Rute<\/td>\n<td width=\"87\"><strong>41 euros<\/strong><\/td>\n<\/tr>\n<tr>\n<td width=\"612\"><\/td>\n<td width=\"87\"><\/td>\n<\/tr>\n<\/tbody>\n<\/table>\n<p>&nbsp;<\/p>\n<h2>Preise f\u00fcr bundeskarte 68<\/h2>\n<p><strong>Einschlissend Zugang zu allen Bundes 68 Gegenseitigkeit gelegten Strecken sowie die private Strecke des Vereines. (ausgeschlossen der Weiher)<\/strong><\/p>\n<table>\n<tbody>\n<tr>\n<td width=\"612\">\n<h3 align=\"left\"><b><u><span lang=\"DE\">Angelschein f\u00fcr Vollj\u00e4hrige<\/span><\/u><\/b><\/h3>\n<p>Jahreskarte f\u00fcr Vollj\u00e4hrige mit Zugang an 1. und 2. Kategorie, allen erlaubten Fischerarten<\/p>\n<p>Die CPMA wird nur ein Mal entrichtet und gibt die M\u00f6glichkeit in allen Bundes 68 Gegenseitigkeit gelegten Strecken zu angeln<\/td>\n<td width=\"87\"><strong>92 euros<\/strong><\/td>\n<\/tr>\n<tr>\n<td width=\"612\"><\/td>\n<td width=\"87\"><\/td>\n<\/tr>\n<\/tbody>\n<\/table>\n<table>\n<tbody>\n<tr>\n<td width=\"612\"><strong><u>Taxe de r\u00e9ciprocit\u00e9<\/u><\/strong><\/p>\n<p><span lang=\"DE\">Diese Option gibt die M\u00f6glichkeit von einer Bundeskarte zu einer Interbundeskarte zu \u00e4ndern.<\/span><\/td>\n<td width=\"87\"><strong>40 euros<\/strong><\/td>\n<\/tr>\n<\/tbody>\n<\/table>\n<table>\n<tbody>\n<tr>\n<td width=\"537\"><strong><u>W\u00f6chentliche Karte<\/u><\/strong><\/p>\n<p>F\u00fcr Vollj\u00e4hrige mit Zugang an 1. und 2. Kategorie, allen erlaubten Fischerarten<\/p>\n<p>Sie gibt die M\u00f6glichkeit in allen Bundes 68 Gegenseitigkeit gelegten Strecken zu angeln<\/td>\n<td width=\"82\"><strong>36 euros<\/strong><\/td>\n<\/tr>\n<\/tbody>\n<\/table>\n<table>\n<tbody>\n<tr>\n<td width=\"537\"><strong>Tageskarte<\/strong><\/p>\n<p>F\u00fcr Vollj\u00e4hrige mit Zugang an 1. und 2. Kategorie, allen erlaubten Fischerarten<\/p>\n<p>Sie gibt die M\u00f6glichkeit in allen Bundes 68 Gegenseitigkeit gelegten Strecken zu angelnaber nicht in den Seen von Courtavon und Vauban.<\/td>\n<td width=\"82\"><strong>19 euros<\/strong><\/td>\n<\/tr>\n<\/tbody>\n<\/table>\n<p>Um Ihre Karte direkt im Internet zu kaufen :\u00a0<a href=\"https:\/\/www.cartedepeche.fr\/\">Clic ici<\/a><\/p>\n<p>Um sich \u00fcber die aktuellen Regelungen zu informieren:\u00a0<a href=\"https:\/\/www.peche68.fr\/index.php?IdPage=1576504964\">Clic ici<\/a><\/p>\n","protected":false},"excerpt":{"rendered":"<p>Preise f\u00fcr interbundeskarte Einschlissend Zugang zu allen in nationaler und Bundes 68 Gegenseitigkeit gelegten Strecken sowie die private Strecke des Vereines. (ausgeschlossen der Weiher). Angelschein f\u00fcr Vollj\u00e4hrige Jahreskarte f\u00fcr Vollj\u00e4hrige mit Zugang an 1. und 2. Kategorie, allen erlaubten Fischerarten Die CPMA wird nur ein Mal entrichtet und gibt die M\u00f6glichkeit in allen nationaler Gegenseitigkeit &hellip; <\/p>\n<p class=\"link-more\"><a href=\"https:\/\/www.peche-village-neuf.fr\/de\/meine-fischereirechte\/preise-interbundes-karte\/\" class=\"more-link\">Continue reading<span class=\"screen-reader-text\"> &#8222;Preise Interbundes Karte 2025&#8220;<\/span><\/a><\/p>\n","protected":false},"author":5,"featured_media":777,"parent":826,"menu_order":0,"comment_status":"closed","ping_status":"closed","template":"","meta":{"_acf_changed":false,"footnotes":""},"class_list":["post-838","page","type-page","status-publish","has-post-thumbnail","hentry"],"acf":[],"yoast_head":"<!-- This site is optimized with the Yoast SEO plugin v26.9 - https:\/\/yoast.com\/product\/yoast-seo-wordpress\/ -->\n<title>Preise Interbundes Karte 2025 - AAPPMA Village-Neuf<\/title>\n<meta name=\"robots\" content=\"index, follow, max-snippet:-1, max-image-preview:large, max-video-preview:-1\" \/>\n<link rel=\"canonical\" href=\"https:\/\/www.peche-village-neuf.fr\/de\/meine-fischereirechte\/preise-interbundes-karte\/\" \/>\n<meta property=\"og:locale\" content=\"de_DE\" \/>\n<meta property=\"og:type\" content=\"article\" \/>\n<meta property=\"og:title\" content=\"Preise Interbundes Karte 2025 - AAPPMA Village-Neuf\" \/>\n<meta property=\"og:description\" content=\"Preise f\u00fcr interbundeskarte Einschlissend Zugang zu allen in nationaler und Bundes 68 Gegenseitigkeit gelegten Strecken sowie die private Strecke des Vereines. (ausgeschlossen der Weiher). Angelschein f\u00fcr Vollj\u00e4hrige Jahreskarte f\u00fcr Vollj\u00e4hrige mit Zugang an 1. und 2. Kategorie, allen erlaubten Fischerarten Die CPMA wird nur ein Mal entrichtet und gibt die M\u00f6glichkeit in allen nationaler Gegenseitigkeit &hellip; Continue reading &quot;Preise Interbundes Karte 2025&quot;\" \/>\n<meta property=\"og:url\" content=\"https:\/\/www.peche-village-neuf.fr\/de\/meine-fischereirechte\/preise-interbundes-karte\/\" \/>\n<meta property=\"og:site_name\" content=\"AAPPMA Village-Neuf\" \/>\n<meta property=\"article:modified_time\" content=\"2025-02-10T13:28:46+00:00\" \/>\n<meta property=\"og:image\" content=\"https:\/\/www.peche-village-neuf.fr\/wp-content\/uploads\/2019\/03\/42_981_Carte-Reciprocite.png\" \/>\n\t<meta property=\"og:image:width\" content=\"600\" \/>\n\t<meta property=\"og:image:height\" content=\"613\" \/>\n\t<meta property=\"og:image:type\" content=\"image\/png\" \/>\n<meta name=\"twitter:card\" content=\"summary_large_image\" \/>\n<meta name=\"twitter:label1\" content=\"Gesch\u00e4tzte Lesezeit\" \/>\n\t<meta name=\"twitter:data1\" content=\"3\u00a0Minuten\" \/>\n<script type=\"application\/ld+json\" class=\"yoast-schema-graph\">{\"@context\":\"https:\/\/schema.org\",\"@graph\":[{\"@type\":\"WebPage\",\"@id\":\"https:\/\/www.peche-village-neuf.fr\/de\/meine-fischereirechte\/preise-interbundes-karte\/\",\"url\":\"https:\/\/www.peche-village-neuf.fr\/de\/meine-fischereirechte\/preise-interbundes-karte\/\",\"name\":\"Preise Interbundes Karte 2025 - AAPPMA Village-Neuf\",\"isPartOf\":{\"@id\":\"https:\/\/www.peche-village-neuf.fr\/de\/#website\"},\"primaryImageOfPage\":{\"@id\":\"https:\/\/www.peche-village-neuf.fr\/de\/meine-fischereirechte\/preise-interbundes-karte\/#primaryimage\"},\"image\":{\"@id\":\"https:\/\/www.peche-village-neuf.fr\/de\/meine-fischereirechte\/preise-interbundes-karte\/#primaryimage\"},\"thumbnailUrl\":\"https:\/\/www.peche-village-neuf.fr\/wp-content\/uploads\/2019\/03\/42_981_Carte-Reciprocite.png\",\"datePublished\":\"2021-12-06T13:56:37+00:00\",\"dateModified\":\"2025-02-10T13:28:46+00:00\",\"breadcrumb\":{\"@id\":\"https:\/\/www.peche-village-neuf.fr\/de\/meine-fischereirechte\/preise-interbundes-karte\/#breadcrumb\"},\"inLanguage\":\"de\",\"potentialAction\":[{\"@type\":\"ReadAction\",\"target\":[\"https:\/\/www.peche-village-neuf.fr\/de\/meine-fischereirechte\/preise-interbundes-karte\/\"]}]},{\"@type\":\"ImageObject\",\"inLanguage\":\"de\",\"@id\":\"https:\/\/www.peche-village-neuf.fr\/de\/meine-fischereirechte\/preise-interbundes-karte\/#primaryimage\",\"url\":\"https:\/\/www.peche-village-neuf.fr\/wp-content\/uploads\/2019\/03\/42_981_Carte-Reciprocite.png\",\"contentUrl\":\"https:\/\/www.peche-village-neuf.fr\/wp-content\/uploads\/2019\/03\/42_981_Carte-Reciprocite.png\",\"width\":600,\"height\":613},{\"@type\":\"BreadcrumbList\",\"@id\":\"https:\/\/www.peche-village-neuf.fr\/de\/meine-fischereirechte\/preise-interbundes-karte\/#breadcrumb\",\"itemListElement\":[{\"@type\":\"ListItem\",\"position\":1,\"name\":\"Accueil\",\"item\":\"https:\/\/www.peche-village-neuf.fr\/de\/\"},{\"@type\":\"ListItem\",\"position\":2,\"name\":\"Mein Angelsrecht\",\"item\":\"https:\/\/www.peche-village-neuf.fr\/de\/meine-fischereirechte\/\"},{\"@type\":\"ListItem\",\"position\":3,\"name\":\"Preise Interbundes Karte 2025\"}]},{\"@type\":\"WebSite\",\"@id\":\"https:\/\/www.peche-village-neuf.fr\/de\/#website\",\"url\":\"https:\/\/www.peche-village-neuf.fr\/de\/\",\"name\":\"AAPPMA Village-Neuf\",\"description\":\"\",\"publisher\":{\"@id\":\"https:\/\/www.peche-village-neuf.fr\/de\/#organization\"},\"potentialAction\":[{\"@type\":\"SearchAction\",\"target\":{\"@type\":\"EntryPoint\",\"urlTemplate\":\"https:\/\/www.peche-village-neuf.fr\/de\/?s={search_term_string}\"},\"query-input\":{\"@type\":\"PropertyValueSpecification\",\"valueRequired\":true,\"valueName\":\"search_term_string\"}}],\"inLanguage\":\"de\"},{\"@type\":\"Organization\",\"@id\":\"https:\/\/www.peche-village-neuf.fr\/de\/#organization\",\"name\":\"AAPPMA Village-Neuf\",\"url\":\"https:\/\/www.peche-village-neuf.fr\/de\/\",\"logo\":{\"@type\":\"ImageObject\",\"inLanguage\":\"de\",\"@id\":\"https:\/\/www.peche-village-neuf.fr\/de\/#\/schema\/logo\/image\/\",\"url\":\"https:\/\/www.peche-village-neuf.fr\/wp-content\/uploads\/2023\/02\/cropped-logo_2023.png\",\"contentUrl\":\"https:\/\/www.peche-village-neuf.fr\/wp-content\/uploads\/2023\/02\/cropped-logo_2023.png\",\"width\":1168,\"height\":250,\"caption\":\"AAPPMA Village-Neuf\"},\"image\":{\"@id\":\"https:\/\/www.peche-village-neuf.fr\/de\/#\/schema\/logo\/image\/\"}}]}<\/script>\n<!-- \/ Yoast SEO plugin. -->","yoast_head_json":{"title":"Preise Interbundes Karte 2025 - AAPPMA Village-Neuf","robots":{"index":"index","follow":"follow","max-snippet":"max-snippet:-1","max-image-preview":"max-image-preview:large","max-video-preview":"max-video-preview:-1"},"canonical":"https:\/\/www.peche-village-neuf.fr\/de\/meine-fischereirechte\/preise-interbundes-karte\/","og_locale":"de_DE","og_type":"article","og_title":"Preise Interbundes Karte 2025 - AAPPMA Village-Neuf","og_description":"Preise f\u00fcr interbundeskarte Einschlissend Zugang zu allen in nationaler und Bundes 68 Gegenseitigkeit gelegten Strecken sowie die private Strecke des Vereines. (ausgeschlossen der Weiher). Angelschein f\u00fcr Vollj\u00e4hrige Jahreskarte f\u00fcr Vollj\u00e4hrige mit Zugang an 1. und 2. Kategorie, allen erlaubten Fischerarten Die CPMA wird nur ein Mal entrichtet und gibt die M\u00f6glichkeit in allen nationaler Gegenseitigkeit &hellip; Continue reading \"Preise Interbundes Karte 2025\"","og_url":"https:\/\/www.peche-village-neuf.fr\/de\/meine-fischereirechte\/preise-interbundes-karte\/","og_site_name":"AAPPMA Village-Neuf","article_modified_time":"2025-02-10T13:28:46+00:00","og_image":[{"width":600,"height":613,"url":"https:\/\/www.peche-village-neuf.fr\/wp-content\/uploads\/2019\/03\/42_981_Carte-Reciprocite.png","type":"image\/png"}],"twitter_card":"summary_large_image","twitter_misc":{"Gesch\u00e4tzte Lesezeit":"3\u00a0Minuten"},"schema":{"@context":"https:\/\/schema.org","@graph":[{"@type":"WebPage","@id":"https:\/\/www.peche-village-neuf.fr\/de\/meine-fischereirechte\/preise-interbundes-karte\/","url":"https:\/\/www.peche-village-neuf.fr\/de\/meine-fischereirechte\/preise-interbundes-karte\/","name":"Preise Interbundes Karte 2025 - AAPPMA Village-Neuf","isPartOf":{"@id":"https:\/\/www.peche-village-neuf.fr\/de\/#website"},"primaryImageOfPage":{"@id":"https:\/\/www.peche-village-neuf.fr\/de\/meine-fischereirechte\/preise-interbundes-karte\/#primaryimage"},"image":{"@id":"https:\/\/www.peche-village-neuf.fr\/de\/meine-fischereirechte\/preise-interbundes-karte\/#primaryimage"},"thumbnailUrl":"https:\/\/www.peche-village-neuf.fr\/wp-content\/uploads\/2019\/03\/42_981_Carte-Reciprocite.png","datePublished":"2021-12-06T13:56:37+00:00","dateModified":"2025-02-10T13:28:46+00:00","breadcrumb":{"@id":"https:\/\/www.peche-village-neuf.fr\/de\/meine-fischereirechte\/preise-interbundes-karte\/#breadcrumb"},"inLanguage":"de","potentialAction":[{"@type":"ReadAction","target":["https:\/\/www.peche-village-neuf.fr\/de\/meine-fischereirechte\/preise-interbundes-karte\/"]}]},{"@type":"ImageObject","inLanguage":"de","@id":"https:\/\/www.peche-village-neuf.fr\/de\/meine-fischereirechte\/preise-interbundes-karte\/#primaryimage","url":"https:\/\/www.peche-village-neuf.fr\/wp-content\/uploads\/2019\/03\/42_981_Carte-Reciprocite.png","contentUrl":"https:\/\/www.peche-village-neuf.fr\/wp-content\/uploads\/2019\/03\/42_981_Carte-Reciprocite.png","width":600,"height":613},{"@type":"BreadcrumbList","@id":"https:\/\/www.peche-village-neuf.fr\/de\/meine-fischereirechte\/preise-interbundes-karte\/#breadcrumb","itemListElement":[{"@type":"ListItem","position":1,"name":"Accueil","item":"https:\/\/www.peche-village-neuf.fr\/de\/"},{"@type":"ListItem","position":2,"name":"Mein Angelsrecht","item":"https:\/\/www.peche-village-neuf.fr\/de\/meine-fischereirechte\/"},{"@type":"ListItem","position":3,"name":"Preise Interbundes Karte 2025"}]},{"@type":"WebSite","@id":"https:\/\/www.peche-village-neuf.fr\/de\/#website","url":"https:\/\/www.peche-village-neuf.fr\/de\/","name":"AAPPMA Village-Neuf","description":"","publisher":{"@id":"https:\/\/www.peche-village-neuf.fr\/de\/#organization"},"potentialAction":[{"@type":"SearchAction","target":{"@type":"EntryPoint","urlTemplate":"https:\/\/www.peche-village-neuf.fr\/de\/?s={search_term_string}"},"query-input":{"@type":"PropertyValueSpecification","valueRequired":true,"valueName":"search_term_string"}}],"inLanguage":"de"},{"@type":"Organization","@id":"https:\/\/www.peche-village-neuf.fr\/de\/#organization","name":"AAPPMA Village-Neuf","url":"https:\/\/www.peche-village-neuf.fr\/de\/","logo":{"@type":"ImageObject","inLanguage":"de","@id":"https:\/\/www.peche-village-neuf.fr\/de\/#\/schema\/logo\/image\/","url":"https:\/\/www.peche-village-neuf.fr\/wp-content\/uploads\/2023\/02\/cropped-logo_2023.png","contentUrl":"https:\/\/www.peche-village-neuf.fr\/wp-content\/uploads\/2023\/02\/cropped-logo_2023.png","width":1168,"height":250,"caption":"AAPPMA Village-Neuf"},"image":{"@id":"https:\/\/www.peche-village-neuf.fr\/de\/#\/schema\/logo\/image\/"}}]}},"_links":{"self":[{"href":"https:\/\/www.peche-village-neuf.fr\/de\/wp-json\/wp\/v2\/pages\/838","targetHints":{"allow":["GET"]}}],"collection":[{"href":"https:\/\/www.peche-village-neuf.fr\/de\/wp-json\/wp\/v2\/pages"}],"about":[{"href":"https:\/\/www.peche-village-neuf.fr\/de\/wp-json\/wp\/v2\/types\/page"}],"author":[{"embeddable":true,"href":"https:\/\/www.peche-village-neuf.fr\/de\/wp-json\/wp\/v2\/users\/5"}],"replies":[{"embeddable":true,"href":"https:\/\/www.peche-village-neuf.fr\/de\/wp-json\/wp\/v2\/comments?post=838"}],"version-history":[{"count":13,"href":"https:\/\/www.peche-village-neuf.fr\/de\/wp-json\/wp\/v2\/pages\/838\/revisions"}],"predecessor-version":[{"id":2789,"href":"https:\/\/www.peche-village-neuf.fr\/de\/wp-json\/wp\/v2\/pages\/838\/revisions\/2789"}],"up":[{"embeddable":true,"href":"https:\/\/www.peche-village-neuf.fr\/de\/wp-json\/wp\/v2\/pages\/826"}],"wp:featuredmedia":[{"embeddable":true,"href":"https:\/\/www.peche-village-neuf.fr\/de\/wp-json\/wp\/v2\/media\/777"}],"wp:attachment":[{"href":"https:\/\/www.peche-village-neuf.fr\/de\/wp-json\/wp\/v2\/media?parent=838"}],"curies":[{"name":"wp","href":"https:\/\/api.w.org\/{rel}","templated":true}]}}