{"id":830,"date":"2019-03-17T09:00:53","date_gmt":"2019-03-17T08:00:53","guid":{"rendered":"https:\/\/www.peche-village-neuf.fr\/?page_id=830"},"modified":"2019-03-29T13:38:44","modified_gmt":"2019-03-29T12:38:44","slug":"der-bund-68","status":"publish","type":"page","link":"https:\/\/www.peche-village-neuf.fr\/de\/meine-fischereirechte\/der-bund-68\/","title":{"rendered":"Der Bund 68"},"content":{"rendered":"<p>Der am 11. November 1929 gegr\u00fcndete Haut-Rhin-Verband f\u00fcr Fischerei und Schutz der Wasserumwelt ist f\u00fcr die Entwicklung und \u00dcberwachung der Fischerei im Departement zust\u00e4ndig.<\/p>\n<p>Um diese vielf\u00e4ltigen Aufgaben zu erf\u00fcllen, beteiligt er sich an der Entwicklung der Freizeitfischerei, dem Schutz des Fischerbes und der Wasserumwelt sowie der Organisation der Fischerei\u00fcberwachung. Sie koordiniert die Ma\u00dfnahmen der zugelassenen Verb\u00e4nde f\u00fcr Fischerei und Schutz der Wasserumwelt (AAPPMA). Sie f\u00fchrt Sensibilisierungs-, Informations- und Bildungsaktivit\u00e4ten im Bereich des Schutzes der aquatischen Biodiversit\u00e4t durch.<\/p>\n<p>Die Aufgabe der Federation besteht darin, die 41 AAPPMAs vom Bund zusammenzufassen, um die Koh\u00e4renz der Verwaltungsmethoden zu koordinieren und sicherzustellen.<\/p>\n<p>Mit der AAPPMA beteiligt sich der Verband am Schutz des Fischerbes und der Wasserumwelt (Artikel L.434-3 des Umweltgesetzbuchs) sowie an der F\u00f6rderung der Freizeit beim Angeln.<\/p>\n<ul>\n<li>Sie realisiert und richtet den Schutzdepartementsplan der Wasserumgebung und die Bewirtschaftung von Fischressourcen (P.D.P.G.), ein Dokument, das eine Referenz f\u00fcr alle Verwalter, Verwaltungen und lokalen Gemeinschaften darstellt.<\/li>\n<li><span style=\"font-size: 1rem;\">Sie tr\u00e4gt zur \u00dcberwachung der Fischfarm des Bundes bei.<\/span><\/li>\n<li><span style=\"font-size: 1rem;\">Sie unterst\u00fctzt AAPPMA-Aktivit\u00e4ten durch technische, finanzielle und rechtliche Unterst\u00fctzung.<\/span><\/li>\n<li><span style=\"font-size: 1rem;\">Sie schl\u00e4gt Ma\u00dfnahmen vor, um das Bewusstsein f\u00fcr den Schutz der aquatischen Umwelt zu sch\u00e4rfen, und Ma\u00dfnahmen zur F\u00f6rderung der Freizeitfischerei.<\/span><\/li>\n<li><span style=\"font-size: 1rem;\">Sie vertritt die Interessen der Fischerei bei Bundes, regionalen und nationalen Organisationen<\/span><\/li>\n<\/ul>\n<p>Um alle Informationen \u00fcber den Fischereiverband 68 zu erfahren:<\/p>\n<p><a href=\"http:\/\/www.peche68.fr\" target=\"_blank\" rel=\"noopener noreferrer\"><img loading=\"lazy\" decoding=\"async\" class=\"aligncenter wp-image-132 size-thumbnail\" src=\"https:\/\/www.peche-village-neuf.fr\/wp-content\/uploads\/2019\/02\/image-150x150.png\" alt=\"\" width=\"150\" height=\"150\" srcset=\"https:\/\/www.peche-village-neuf.fr\/wp-content\/uploads\/2019\/02\/image-150x150.png 150w, https:\/\/www.peche-village-neuf.fr\/wp-content\/uploads\/2019\/02\/image-100x100.png 100w\" sizes=\"auto, (max-width: 150px) 100vw, 150px\" \/><\/a><\/p>\n","protected":false},"excerpt":{"rendered":"<p>Der am 11. November 1929 gegr\u00fcndete Haut-Rhin-Verband f\u00fcr Fischerei und Schutz der Wasserumwelt ist f\u00fcr die Entwicklung und \u00dcberwachung der Fischerei im Departement zust\u00e4ndig. Um diese vielf\u00e4ltigen Aufgaben zu erf\u00fcllen, beteiligt er sich an der Entwicklung der Freizeitfischerei, dem Schutz des Fischerbes und der Wasserumwelt sowie der Organisation der Fischerei\u00fcberwachung. Sie koordiniert die Ma\u00dfnahmen der &hellip; <\/p>\n<p class=\"link-more\"><a href=\"https:\/\/www.peche-village-neuf.fr\/de\/meine-fischereirechte\/der-bund-68\/\" class=\"more-link\">Continue reading<span class=\"screen-reader-text\"> &#8222;Der Bund 68&#8220;<\/span><\/a><\/p>\n","protected":false},"author":1,"featured_media":643,"parent":826,"menu_order":0,"comment_status":"closed","ping_status":"closed","template":"","meta":{"_acf_changed":false,"footnotes":""},"class_list":["post-830","page","type-page","status-publish","has-post-thumbnail","hentry"],"acf":[],"yoast_head":"<!-- This site is optimized with the Yoast SEO plugin v26.9 - https:\/\/yoast.com\/product\/yoast-seo-wordpress\/ -->\n<title>Der Bund 68 - AAPPMA Village-Neuf<\/title>\n<meta name=\"robots\" content=\"index, follow, max-snippet:-1, max-image-preview:large, max-video-preview:-1\" \/>\n<link rel=\"canonical\" href=\"https:\/\/www.peche-village-neuf.fr\/de\/meine-fischereirechte\/der-bund-68\/\" \/>\n<meta property=\"og:locale\" content=\"de_DE\" \/>\n<meta property=\"og:type\" content=\"article\" \/>\n<meta property=\"og:title\" content=\"Der Bund 68 - AAPPMA Village-Neuf\" \/>\n<meta property=\"og:description\" content=\"Der am 11. November 1929 gegr\u00fcndete Haut-Rhin-Verband f\u00fcr Fischerei und Schutz der Wasserumwelt ist f\u00fcr die Entwicklung und \u00dcberwachung der Fischerei im Departement zust\u00e4ndig. Um diese vielf\u00e4ltigen Aufgaben zu erf\u00fcllen, beteiligt er sich an der Entwicklung der Freizeitfischerei, dem Schutz des Fischerbes und der Wasserumwelt sowie der Organisation der Fischerei\u00fcberwachung. Sie koordiniert die Ma\u00dfnahmen der &hellip; Continue reading &quot;Der Bund 68&quot;\" \/>\n<meta property=\"og:url\" content=\"https:\/\/www.peche-village-neuf.fr\/de\/meine-fischereirechte\/der-bund-68\/\" \/>\n<meta property=\"og:site_name\" content=\"AAPPMA Village-Neuf\" \/>\n<meta property=\"article:modified_time\" content=\"2019-03-29T12:38:44+00:00\" \/>\n<meta property=\"og:image\" content=\"https:\/\/www.peche-village-neuf.fr\/wp-content\/uploads\/2019\/02\/image.png\" \/>\n\t<meta property=\"og:image:width\" content=\"1103\" \/>\n\t<meta property=\"og:image:height\" content=\"1119\" \/>\n\t<meta property=\"og:image:type\" content=\"image\/png\" \/>\n<meta name=\"twitter:card\" content=\"summary_large_image\" \/>\n<meta name=\"twitter:label1\" content=\"Gesch\u00e4tzte Lesezeit\" \/>\n\t<meta name=\"twitter:data1\" content=\"1\u00a0Minute\" \/>\n<script type=\"application\/ld+json\" class=\"yoast-schema-graph\">{\"@context\":\"https:\/\/schema.org\",\"@graph\":[{\"@type\":\"WebPage\",\"@id\":\"https:\/\/www.peche-village-neuf.fr\/de\/meine-fischereirechte\/der-bund-68\/\",\"url\":\"https:\/\/www.peche-village-neuf.fr\/de\/meine-fischereirechte\/der-bund-68\/\",\"name\":\"Der Bund 68 - AAPPMA Village-Neuf\",\"isPartOf\":{\"@id\":\"https:\/\/www.peche-village-neuf.fr\/de\/#website\"},\"primaryImageOfPage\":{\"@id\":\"https:\/\/www.peche-village-neuf.fr\/de\/meine-fischereirechte\/der-bund-68\/#primaryimage\"},\"image\":{\"@id\":\"https:\/\/www.peche-village-neuf.fr\/de\/meine-fischereirechte\/der-bund-68\/#primaryimage\"},\"thumbnailUrl\":\"https:\/\/www.peche-village-neuf.fr\/wp-content\/uploads\/2019\/02\/image.png\",\"datePublished\":\"2019-03-17T08:00:53+00:00\",\"dateModified\":\"2019-03-29T12:38:44+00:00\",\"breadcrumb\":{\"@id\":\"https:\/\/www.peche-village-neuf.fr\/de\/meine-fischereirechte\/der-bund-68\/#breadcrumb\"},\"inLanguage\":\"de\",\"potentialAction\":[{\"@type\":\"ReadAction\",\"target\":[\"https:\/\/www.peche-village-neuf.fr\/de\/meine-fischereirechte\/der-bund-68\/\"]}]},{\"@type\":\"ImageObject\",\"inLanguage\":\"de\",\"@id\":\"https:\/\/www.peche-village-neuf.fr\/de\/meine-fischereirechte\/der-bund-68\/#primaryimage\",\"url\":\"https:\/\/www.peche-village-neuf.fr\/wp-content\/uploads\/2019\/02\/image.png\",\"contentUrl\":\"https:\/\/www.peche-village-neuf.fr\/wp-content\/uploads\/2019\/02\/image.png\",\"width\":1103,\"height\":1119},{\"@type\":\"BreadcrumbList\",\"@id\":\"https:\/\/www.peche-village-neuf.fr\/de\/meine-fischereirechte\/der-bund-68\/#breadcrumb\",\"itemListElement\":[{\"@type\":\"ListItem\",\"position\":1,\"name\":\"Accueil\",\"item\":\"https:\/\/www.peche-village-neuf.fr\/de\/\"},{\"@type\":\"ListItem\",\"position\":2,\"name\":\"Mein Angelsrecht\",\"item\":\"https:\/\/www.peche-village-neuf.fr\/de\/meine-fischereirechte\/\"},{\"@type\":\"ListItem\",\"position\":3,\"name\":\"Der Bund 68\"}]},{\"@type\":\"WebSite\",\"@id\":\"https:\/\/www.peche-village-neuf.fr\/de\/#website\",\"url\":\"https:\/\/www.peche-village-neuf.fr\/de\/\",\"name\":\"AAPPMA Village-Neuf\",\"description\":\"\",\"publisher\":{\"@id\":\"https:\/\/www.peche-village-neuf.fr\/de\/#organization\"},\"potentialAction\":[{\"@type\":\"SearchAction\",\"target\":{\"@type\":\"EntryPoint\",\"urlTemplate\":\"https:\/\/www.peche-village-neuf.fr\/de\/?s={search_term_string}\"},\"query-input\":{\"@type\":\"PropertyValueSpecification\",\"valueRequired\":true,\"valueName\":\"search_term_string\"}}],\"inLanguage\":\"de\"},{\"@type\":\"Organization\",\"@id\":\"https:\/\/www.peche-village-neuf.fr\/de\/#organization\",\"name\":\"AAPPMA Village-Neuf\",\"url\":\"https:\/\/www.peche-village-neuf.fr\/de\/\",\"logo\":{\"@type\":\"ImageObject\",\"inLanguage\":\"de\",\"@id\":\"https:\/\/www.peche-village-neuf.fr\/de\/#\/schema\/logo\/image\/\",\"url\":\"https:\/\/www.peche-village-neuf.fr\/wp-content\/uploads\/2023\/02\/cropped-logo_2023.png\",\"contentUrl\":\"https:\/\/www.peche-village-neuf.fr\/wp-content\/uploads\/2023\/02\/cropped-logo_2023.png\",\"width\":1168,\"height\":250,\"caption\":\"AAPPMA Village-Neuf\"},\"image\":{\"@id\":\"https:\/\/www.peche-village-neuf.fr\/de\/#\/schema\/logo\/image\/\"}}]}<\/script>\n<!-- \/ Yoast SEO plugin. -->","yoast_head_json":{"title":"Der Bund 68 - AAPPMA Village-Neuf","robots":{"index":"index","follow":"follow","max-snippet":"max-snippet:-1","max-image-preview":"max-image-preview:large","max-video-preview":"max-video-preview:-1"},"canonical":"https:\/\/www.peche-village-neuf.fr\/de\/meine-fischereirechte\/der-bund-68\/","og_locale":"de_DE","og_type":"article","og_title":"Der Bund 68 - AAPPMA Village-Neuf","og_description":"Der am 11. November 1929 gegr\u00fcndete Haut-Rhin-Verband f\u00fcr Fischerei und Schutz der Wasserumwelt ist f\u00fcr die Entwicklung und \u00dcberwachung der Fischerei im Departement zust\u00e4ndig. Um diese vielf\u00e4ltigen Aufgaben zu erf\u00fcllen, beteiligt er sich an der Entwicklung der Freizeitfischerei, dem Schutz des Fischerbes und der Wasserumwelt sowie der Organisation der Fischerei\u00fcberwachung. Sie koordiniert die Ma\u00dfnahmen der &hellip; Continue reading \"Der Bund 68\"","og_url":"https:\/\/www.peche-village-neuf.fr\/de\/meine-fischereirechte\/der-bund-68\/","og_site_name":"AAPPMA Village-Neuf","article_modified_time":"2019-03-29T12:38:44+00:00","og_image":[{"width":1103,"height":1119,"url":"https:\/\/www.peche-village-neuf.fr\/wp-content\/uploads\/2019\/02\/image.png","type":"image\/png"}],"twitter_card":"summary_large_image","twitter_misc":{"Gesch\u00e4tzte Lesezeit":"1\u00a0Minute"},"schema":{"@context":"https:\/\/schema.org","@graph":[{"@type":"WebPage","@id":"https:\/\/www.peche-village-neuf.fr\/de\/meine-fischereirechte\/der-bund-68\/","url":"https:\/\/www.peche-village-neuf.fr\/de\/meine-fischereirechte\/der-bund-68\/","name":"Der Bund 68 - AAPPMA Village-Neuf","isPartOf":{"@id":"https:\/\/www.peche-village-neuf.fr\/de\/#website"},"primaryImageOfPage":{"@id":"https:\/\/www.peche-village-neuf.fr\/de\/meine-fischereirechte\/der-bund-68\/#primaryimage"},"image":{"@id":"https:\/\/www.peche-village-neuf.fr\/de\/meine-fischereirechte\/der-bund-68\/#primaryimage"},"thumbnailUrl":"https:\/\/www.peche-village-neuf.fr\/wp-content\/uploads\/2019\/02\/image.png","datePublished":"2019-03-17T08:00:53+00:00","dateModified":"2019-03-29T12:38:44+00:00","breadcrumb":{"@id":"https:\/\/www.peche-village-neuf.fr\/de\/meine-fischereirechte\/der-bund-68\/#breadcrumb"},"inLanguage":"de","potentialAction":[{"@type":"ReadAction","target":["https:\/\/www.peche-village-neuf.fr\/de\/meine-fischereirechte\/der-bund-68\/"]}]},{"@type":"ImageObject","inLanguage":"de","@id":"https:\/\/www.peche-village-neuf.fr\/de\/meine-fischereirechte\/der-bund-68\/#primaryimage","url":"https:\/\/www.peche-village-neuf.fr\/wp-content\/uploads\/2019\/02\/image.png","contentUrl":"https:\/\/www.peche-village-neuf.fr\/wp-content\/uploads\/2019\/02\/image.png","width":1103,"height":1119},{"@type":"BreadcrumbList","@id":"https:\/\/www.peche-village-neuf.fr\/de\/meine-fischereirechte\/der-bund-68\/#breadcrumb","itemListElement":[{"@type":"ListItem","position":1,"name":"Accueil","item":"https:\/\/www.peche-village-neuf.fr\/de\/"},{"@type":"ListItem","position":2,"name":"Mein Angelsrecht","item":"https:\/\/www.peche-village-neuf.fr\/de\/meine-fischereirechte\/"},{"@type":"ListItem","position":3,"name":"Der Bund 68"}]},{"@type":"WebSite","@id":"https:\/\/www.peche-village-neuf.fr\/de\/#website","url":"https:\/\/www.peche-village-neuf.fr\/de\/","name":"AAPPMA Village-Neuf","description":"","publisher":{"@id":"https:\/\/www.peche-village-neuf.fr\/de\/#organization"},"potentialAction":[{"@type":"SearchAction","target":{"@type":"EntryPoint","urlTemplate":"https:\/\/www.peche-village-neuf.fr\/de\/?s={search_term_string}"},"query-input":{"@type":"PropertyValueSpecification","valueRequired":true,"valueName":"search_term_string"}}],"inLanguage":"de"},{"@type":"Organization","@id":"https:\/\/www.peche-village-neuf.fr\/de\/#organization","name":"AAPPMA Village-Neuf","url":"https:\/\/www.peche-village-neuf.fr\/de\/","logo":{"@type":"ImageObject","inLanguage":"de","@id":"https:\/\/www.peche-village-neuf.fr\/de\/#\/schema\/logo\/image\/","url":"https:\/\/www.peche-village-neuf.fr\/wp-content\/uploads\/2023\/02\/cropped-logo_2023.png","contentUrl":"https:\/\/www.peche-village-neuf.fr\/wp-content\/uploads\/2023\/02\/cropped-logo_2023.png","width":1168,"height":250,"caption":"AAPPMA Village-Neuf"},"image":{"@id":"https:\/\/www.peche-village-neuf.fr\/de\/#\/schema\/logo\/image\/"}}]}},"_links":{"self":[{"href":"https:\/\/www.peche-village-neuf.fr\/de\/wp-json\/wp\/v2\/pages\/830","targetHints":{"allow":["GET"]}}],"collection":[{"href":"https:\/\/www.peche-village-neuf.fr\/de\/wp-json\/wp\/v2\/pages"}],"about":[{"href":"https:\/\/www.peche-village-neuf.fr\/de\/wp-json\/wp\/v2\/types\/page"}],"author":[{"embeddable":true,"href":"https:\/\/www.peche-village-neuf.fr\/de\/wp-json\/wp\/v2\/users\/1"}],"replies":[{"embeddable":true,"href":"https:\/\/www.peche-village-neuf.fr\/de\/wp-json\/wp\/v2\/comments?post=830"}],"version-history":[{"count":3,"href":"https:\/\/www.peche-village-neuf.fr\/de\/wp-json\/wp\/v2\/pages\/830\/revisions"}],"predecessor-version":[{"id":1043,"href":"https:\/\/www.peche-village-neuf.fr\/de\/wp-json\/wp\/v2\/pages\/830\/revisions\/1043"}],"up":[{"embeddable":true,"href":"https:\/\/www.peche-village-neuf.fr\/de\/wp-json\/wp\/v2\/pages\/826"}],"wp:featuredmedia":[{"embeddable":true,"href":"https:\/\/www.peche-village-neuf.fr\/de\/wp-json\/wp\/v2\/media\/643"}],"wp:attachment":[{"href":"https:\/\/www.peche-village-neuf.fr\/de\/wp-json\/wp\/v2\/media?parent=830"}],"curies":[{"name":"wp","href":"https:\/\/api.w.org\/{rel}","templated":true}]}}