{"id":822,"date":"2019-02-23T15:51:12","date_gmt":"2019-02-23T14:51:12","guid":{"rendered":"https:\/\/www.peche-village-neuf.fr\/?page_id=822"},"modified":"2026-05-01T11:16:35","modified_gmt":"2026-05-01T09:16:35","slug":"vorschriften-jubilaeum-challenge","status":"publish","type":"page","link":"https:\/\/www.peche-village-neuf.fr\/de\/manifestations-de-lassociation\/vorschriften-jubilaeum-challenge\/","title":{"rendered":"Vorschriften Jubil\u00e4um Challenge"},"content":{"rendered":"<p><strong>Programm:<\/strong><\/p>\n<p>06:30 bis 07:00 Uhr\u00a0\u00a0\u00a0\u00a0\u00a0\u00a0\u00a0 Empfang und Anmeldung<\/p>\n<p>07:00 bis 07:30 Uhr\u00a0\u00a0\u00a0\u00a0\u00a0\u00a0\u00a0 Platz Auslosung<\/p>\n<p>07:30 bis 08:30 Uhr\u00a0\u00a0\u00a0\u00a0\u00a0\u00a0\u00a0 Einrichten am Angelplatz<\/p>\n<p>8:30 bis 15:30 Uhr\u00a0\u00a0\u00a0\u00a0\u00a0\u00a0\u00a0\u00a0 \u00a0Durchgehendes Angeln<\/p>\n<p>16:45 Uhr\u00a0\u00a0\u00a0\u00a0\u00a0\u00a0\u00a0\u00a0\u00a0\u00a0\u00a0 \u00a0\u00a0\u00a0\u00a0\u00a0\u00a0\u00a0\u00a0\u00a0\u00a0\u00a0\u00a0\u00a0 Wertung und Preisvergabe<\/p>\n<p>Zeitplan f\u00fcr das allgemeine Wiegen<\/p>\n<p>10:00 Uhr\u00a0\u00a0\u00a0\u00a0\u00a0\u00a0\u00a0\u00a0\u00a0\u00a0\u00a0\u00a0 Wiegen<\/p>\n<p>13:30 Uhr\u00a0\u00a0\u00a0\u00a0\u00a0\u00a0\u00a0\u00a0\u00a0\u00a0\u00a0 Allgemeines Wiegen<\/p>\n<p>15:30 Uhr\u00a0\u00a0\u00a0\u00a0\u00a0\u00a0\u00a0\u00a0\u00a0\u00a0\u00a0 Letztes Wiegen<\/p>\n<p><strong>\u00a0<\/strong><strong>Preise:<\/strong><\/p>\n<ul>\n<li>Die Teilnehmergeb\u00fchr f\u00fcr den Wettbewerb ist 40 Euro pro Platz.<\/li>\n<li>Die H\u00e4lfte des Betrags wird als Preisgeld ausgesch\u00fcttet.<\/li>\n<\/ul>\n<ol>\n<li>Preis: 50 % des Betrags<\/li>\n<li>Preis: 30 % des Betrags<\/li>\n<li>Preis: 20 % des Betrags<\/li>\n<\/ol>\n<ul>\n<li>Die Pl\u00e4tze werden ausgelost<\/li>\n<li>Die Teilnehmerzahl ist begrenzt.<\/li>\n<\/ul>\n<p><strong>Zuteilung der Startpl\u00e4tze<\/strong><\/p>\n<p>In einer ersten Auslosung wird die Startreihenfolge festgelegt, in einer zweiten Auslosung erfolgt dann die Zuteilung der Angelpl\u00e4tze.<\/p>\n<p><strong>Angelpl\u00e4tze:<\/strong><\/p>\n<ul>\n<li>Ein Angelplatz bietet Platz f\u00fcr 1 Angler und 2 Ruten oder f\u00fcr 2 Angler mit jeweils 1 Rute, wobei der Abstand zwischen den Ruten maximal 2 Meter betragen darf<\/li>\n<li>Bitte bringen Sie einen Transportwagen mit, um die Ausr\u00fcstung zum Angelplatz zu bef\u00f6rdern<\/li>\n<li>Der Fischer muss im Besitz ein eigener angepasster Kescher sein<\/li>\n<li>Das Angeln innerhalb der Seerosen ist verboten<\/li>\n<\/ul>\n<p><strong>Angelmethoden und Anf\u00fcttern:<\/strong><\/p>\n<ul>\n<li><strong>\u00a0<\/strong><span style=\"font-size: 1rem;\">Alle Fischarten sind erlaubt au\u00dfer Glaskugel und Schwimmbrot<\/span><\/li>\n<li>Anf\u00fcttern ist erlaubt aber begrenzt (maxi 4 kg)<\/li>\n<li>Zul\u00e4ssige K\u00f6der: Maden, W\u00fcrmer, K\u00f6rner, Pellets, Boilies, Fake-K\u00f6der<\/li>\n<li>Der K\u00f6der ist 90\u00b0 Grad zum Ufer einzuwerfen<\/li>\n<\/ul>\n<p><strong>Ausr\u00fcstung und Montage:<\/strong><\/p>\n<ul>\n<li>Ein Setzkescher mit einer Mindes L\u00e4nge von 3 Meter (stahl Kescher verboten)<\/li>\n<li>Abhakmatte ist obligatorisch<\/li>\n<li>Vorfachschnur ist obligatorisch<\/li>\n<li>Einfachhaken Nr. 5 (maximal) ohne Widerhaken<\/li>\n<li>Geflochtene Schn\u00fcre verboten<\/li>\n<\/ul>\n<p><strong>Wiegen und Preisvergabe:<\/strong><\/p>\n<ul>\n<li>Das Wiegen erfolgt am Ende des Wettbewerbs<\/li>\n<li>Pro Setzkescher maximal 5 Fische, sonst Abwiegen<\/li>\n<li>Fische mit einem Gewicht von \u00fcber 8 kg m\u00fcssen sofort gewogen werden<\/li>\n<li>Die Siegerehrung erfolgt nach dem h\u00f6chsten Gewicht.<\/li>\n<li>Bei Gleichstand zwischen zwei Teams hat das Team mit den meisten Fischen Vorrang. Sollten danach noch immer zwei Teams gleichauf liegen, gewinnt das j\u00fcngere Team.<\/li>\n<li>F\u00e4nge d\u00fcrfen nicht einem anderen Team \u00fcbergeben werden.<\/li>\n<li>Jeder Fisch, der vor dem Signal zum Ende der Runde gehakt wurde, gilt als g\u00fcltig<\/li>\n<li>Die Fische bleiben im besitz des Vereins.<\/li>\n<li>Die Preisverleigabe findet um 16:45 Uhr statt.<\/li>\n<li>Die gezogenen Pl\u00e4tze k\u00f6nnen nicht einem anderen Team \u00fcbergeben werden.<\/li>\n<li>Ein Angler darf seinen Platz im Laufe des Tages nicht wechseln.<\/li>\n<\/ul>\n<p>&nbsp;<\/p>\n<p><strong>Jeder Angler, der diese Regeln nicht einh\u00e4lt, wird automatisch disqualifiziert.<\/strong><\/p>\n","protected":false},"excerpt":{"rendered":"<p>Programm: 06:30 bis 07:00 Uhr\u00a0\u00a0\u00a0\u00a0\u00a0\u00a0\u00a0 Empfang und Anmeldung 07:00 bis 07:30 Uhr\u00a0\u00a0\u00a0\u00a0\u00a0\u00a0\u00a0 Platz Auslosung 07:30 bis 08:30 Uhr\u00a0\u00a0\u00a0\u00a0\u00a0\u00a0\u00a0 Einrichten am Angelplatz 8:30 bis 15:30 Uhr\u00a0\u00a0\u00a0\u00a0\u00a0\u00a0\u00a0\u00a0 \u00a0Durchgehendes Angeln 16:45 Uhr\u00a0\u00a0\u00a0\u00a0\u00a0\u00a0\u00a0\u00a0\u00a0\u00a0\u00a0 \u00a0\u00a0\u00a0\u00a0\u00a0\u00a0\u00a0\u00a0\u00a0\u00a0\u00a0\u00a0\u00a0 Wertung und Preisvergabe Zeitplan f\u00fcr das allgemeine Wiegen 10:00 Uhr\u00a0\u00a0\u00a0\u00a0\u00a0\u00a0\u00a0\u00a0\u00a0\u00a0\u00a0\u00a0 Wiegen 13:30 Uhr\u00a0\u00a0\u00a0\u00a0\u00a0\u00a0\u00a0\u00a0\u00a0\u00a0\u00a0 Allgemeines Wiegen 15:30 Uhr\u00a0\u00a0\u00a0\u00a0\u00a0\u00a0\u00a0\u00a0\u00a0\u00a0\u00a0 Letztes Wiegen \u00a0Preise: Die Teilnehmergeb\u00fchr f\u00fcr den Wettbewerb &hellip; <\/p>\n<p class=\"link-more\"><a href=\"https:\/\/www.peche-village-neuf.fr\/de\/manifestations-de-lassociation\/vorschriften-jubilaeum-challenge\/\" class=\"more-link\">Continue reading<span class=\"screen-reader-text\"> &#8222;Vorschriften Jubil\u00e4um Challenge&#8220;<\/span><\/a><\/p>\n","protected":false},"author":1,"featured_media":0,"parent":1838,"menu_order":0,"comment_status":"closed","ping_status":"closed","template":"","meta":{"_acf_changed":false,"footnotes":""},"class_list":["post-822","page","type-page","status-publish","hentry"],"acf":[],"yoast_head":"<!-- This site is optimized with the Yoast SEO plugin v26.9 - https:\/\/yoast.com\/product\/yoast-seo-wordpress\/ -->\n<title>Vorschriften Jubil\u00e4um Challenge - AAPPMA Village-Neuf<\/title>\n<meta name=\"robots\" content=\"index, follow, max-snippet:-1, max-image-preview:large, max-video-preview:-1\" \/>\n<link rel=\"canonical\" href=\"https:\/\/www.peche-village-neuf.fr\/de\/manifestations-de-lassociation\/vorschriften-jubilaeum-challenge\/\" \/>\n<meta property=\"og:locale\" content=\"de_DE\" \/>\n<meta property=\"og:type\" content=\"article\" \/>\n<meta property=\"og:title\" content=\"Vorschriften Jubil\u00e4um Challenge - AAPPMA Village-Neuf\" \/>\n<meta property=\"og:description\" content=\"Programm: 06:30 bis 07:00 Uhr\u00a0\u00a0\u00a0\u00a0\u00a0\u00a0\u00a0 Empfang und Anmeldung 07:00 bis 07:30 Uhr\u00a0\u00a0\u00a0\u00a0\u00a0\u00a0\u00a0 Platz Auslosung 07:30 bis 08:30 Uhr\u00a0\u00a0\u00a0\u00a0\u00a0\u00a0\u00a0 Einrichten am Angelplatz 8:30 bis 15:30 Uhr\u00a0\u00a0\u00a0\u00a0\u00a0\u00a0\u00a0\u00a0 \u00a0Durchgehendes Angeln 16:45 Uhr\u00a0\u00a0\u00a0\u00a0\u00a0\u00a0\u00a0\u00a0\u00a0\u00a0\u00a0 \u00a0\u00a0\u00a0\u00a0\u00a0\u00a0\u00a0\u00a0\u00a0\u00a0\u00a0\u00a0\u00a0 Wertung und Preisvergabe Zeitplan f\u00fcr das allgemeine Wiegen 10:00 Uhr\u00a0\u00a0\u00a0\u00a0\u00a0\u00a0\u00a0\u00a0\u00a0\u00a0\u00a0\u00a0 Wiegen 13:30 Uhr\u00a0\u00a0\u00a0\u00a0\u00a0\u00a0\u00a0\u00a0\u00a0\u00a0\u00a0 Allgemeines Wiegen 15:30 Uhr\u00a0\u00a0\u00a0\u00a0\u00a0\u00a0\u00a0\u00a0\u00a0\u00a0\u00a0 Letztes Wiegen \u00a0Preise: Die Teilnehmergeb\u00fchr f\u00fcr den Wettbewerb &hellip; Continue reading &quot;Vorschriften Jubil\u00e4um Challenge&quot;\" \/>\n<meta property=\"og:url\" content=\"https:\/\/www.peche-village-neuf.fr\/de\/manifestations-de-lassociation\/vorschriften-jubilaeum-challenge\/\" \/>\n<meta property=\"og:site_name\" content=\"AAPPMA Village-Neuf\" \/>\n<meta property=\"article:modified_time\" content=\"2026-05-01T09:16:35+00:00\" \/>\n<meta name=\"twitter:card\" content=\"summary_large_image\" \/>\n<meta name=\"twitter:label1\" content=\"Gesch\u00e4tzte Lesezeit\" \/>\n\t<meta name=\"twitter:data1\" content=\"2\u00a0Minuten\" \/>\n<script type=\"application\/ld+json\" class=\"yoast-schema-graph\">{\"@context\":\"https:\/\/schema.org\",\"@graph\":[{\"@type\":\"WebPage\",\"@id\":\"https:\/\/www.peche-village-neuf.fr\/de\/manifestations-de-lassociation\/vorschriften-jubilaeum-challenge\/\",\"url\":\"https:\/\/www.peche-village-neuf.fr\/de\/manifestations-de-lassociation\/vorschriften-jubilaeum-challenge\/\",\"name\":\"Vorschriften Jubil\u00e4um Challenge - AAPPMA Village-Neuf\",\"isPartOf\":{\"@id\":\"https:\/\/www.peche-village-neuf.fr\/de\/#website\"},\"datePublished\":\"2019-02-23T14:51:12+00:00\",\"dateModified\":\"2026-05-01T09:16:35+00:00\",\"breadcrumb\":{\"@id\":\"https:\/\/www.peche-village-neuf.fr\/de\/manifestations-de-lassociation\/vorschriften-jubilaeum-challenge\/#breadcrumb\"},\"inLanguage\":\"de\",\"potentialAction\":[{\"@type\":\"ReadAction\",\"target\":[\"https:\/\/www.peche-village-neuf.fr\/de\/manifestations-de-lassociation\/vorschriften-jubilaeum-challenge\/\"]}]},{\"@type\":\"BreadcrumbList\",\"@id\":\"https:\/\/www.peche-village-neuf.fr\/de\/manifestations-de-lassociation\/vorschriften-jubilaeum-challenge\/#breadcrumb\",\"itemListElement\":[{\"@type\":\"ListItem\",\"position\":1,\"name\":\"Accueil\",\"item\":\"https:\/\/www.peche-village-neuf.fr\/de\/\"},{\"@type\":\"ListItem\",\"position\":2,\"name\":\"Veranstaltungen des Vereins\",\"item\":\"https:\/\/www.peche-village-neuf.fr\/de\/manifestations-de-lassociation\/\"},{\"@type\":\"ListItem\",\"position\":3,\"name\":\"Vorschriften Jubil\u00e4um Challenge\"}]},{\"@type\":\"WebSite\",\"@id\":\"https:\/\/www.peche-village-neuf.fr\/de\/#website\",\"url\":\"https:\/\/www.peche-village-neuf.fr\/de\/\",\"name\":\"AAPPMA Village-Neuf\",\"description\":\"\",\"publisher\":{\"@id\":\"https:\/\/www.peche-village-neuf.fr\/de\/#organization\"},\"potentialAction\":[{\"@type\":\"SearchAction\",\"target\":{\"@type\":\"EntryPoint\",\"urlTemplate\":\"https:\/\/www.peche-village-neuf.fr\/de\/?s={search_term_string}\"},\"query-input\":{\"@type\":\"PropertyValueSpecification\",\"valueRequired\":true,\"valueName\":\"search_term_string\"}}],\"inLanguage\":\"de\"},{\"@type\":\"Organization\",\"@id\":\"https:\/\/www.peche-village-neuf.fr\/de\/#organization\",\"name\":\"AAPPMA Village-Neuf\",\"url\":\"https:\/\/www.peche-village-neuf.fr\/de\/\",\"logo\":{\"@type\":\"ImageObject\",\"inLanguage\":\"de\",\"@id\":\"https:\/\/www.peche-village-neuf.fr\/de\/#\/schema\/logo\/image\/\",\"url\":\"https:\/\/www.peche-village-neuf.fr\/wp-content\/uploads\/2023\/02\/cropped-logo_2023.png\",\"contentUrl\":\"https:\/\/www.peche-village-neuf.fr\/wp-content\/uploads\/2023\/02\/cropped-logo_2023.png\",\"width\":1168,\"height\":250,\"caption\":\"AAPPMA Village-Neuf\"},\"image\":{\"@id\":\"https:\/\/www.peche-village-neuf.fr\/de\/#\/schema\/logo\/image\/\"}}]}<\/script>\n<!-- \/ Yoast SEO plugin. -->","yoast_head_json":{"title":"Vorschriften Jubil\u00e4um Challenge - AAPPMA Village-Neuf","robots":{"index":"index","follow":"follow","max-snippet":"max-snippet:-1","max-image-preview":"max-image-preview:large","max-video-preview":"max-video-preview:-1"},"canonical":"https:\/\/www.peche-village-neuf.fr\/de\/manifestations-de-lassociation\/vorschriften-jubilaeum-challenge\/","og_locale":"de_DE","og_type":"article","og_title":"Vorschriften Jubil\u00e4um Challenge - AAPPMA Village-Neuf","og_description":"Programm: 06:30 bis 07:00 Uhr\u00a0\u00a0\u00a0\u00a0\u00a0\u00a0\u00a0 Empfang und Anmeldung 07:00 bis 07:30 Uhr\u00a0\u00a0\u00a0\u00a0\u00a0\u00a0\u00a0 Platz Auslosung 07:30 bis 08:30 Uhr\u00a0\u00a0\u00a0\u00a0\u00a0\u00a0\u00a0 Einrichten am Angelplatz 8:30 bis 15:30 Uhr\u00a0\u00a0\u00a0\u00a0\u00a0\u00a0\u00a0\u00a0 \u00a0Durchgehendes Angeln 16:45 Uhr\u00a0\u00a0\u00a0\u00a0\u00a0\u00a0\u00a0\u00a0\u00a0\u00a0\u00a0 \u00a0\u00a0\u00a0\u00a0\u00a0\u00a0\u00a0\u00a0\u00a0\u00a0\u00a0\u00a0\u00a0 Wertung und Preisvergabe Zeitplan f\u00fcr das allgemeine Wiegen 10:00 Uhr\u00a0\u00a0\u00a0\u00a0\u00a0\u00a0\u00a0\u00a0\u00a0\u00a0\u00a0\u00a0 Wiegen 13:30 Uhr\u00a0\u00a0\u00a0\u00a0\u00a0\u00a0\u00a0\u00a0\u00a0\u00a0\u00a0 Allgemeines Wiegen 15:30 Uhr\u00a0\u00a0\u00a0\u00a0\u00a0\u00a0\u00a0\u00a0\u00a0\u00a0\u00a0 Letztes Wiegen \u00a0Preise: Die Teilnehmergeb\u00fchr f\u00fcr den Wettbewerb &hellip; Continue reading \"Vorschriften Jubil\u00e4um Challenge\"","og_url":"https:\/\/www.peche-village-neuf.fr\/de\/manifestations-de-lassociation\/vorschriften-jubilaeum-challenge\/","og_site_name":"AAPPMA Village-Neuf","article_modified_time":"2026-05-01T09:16:35+00:00","twitter_card":"summary_large_image","twitter_misc":{"Gesch\u00e4tzte Lesezeit":"2\u00a0Minuten"},"schema":{"@context":"https:\/\/schema.org","@graph":[{"@type":"WebPage","@id":"https:\/\/www.peche-village-neuf.fr\/de\/manifestations-de-lassociation\/vorschriften-jubilaeum-challenge\/","url":"https:\/\/www.peche-village-neuf.fr\/de\/manifestations-de-lassociation\/vorschriften-jubilaeum-challenge\/","name":"Vorschriften Jubil\u00e4um Challenge - AAPPMA Village-Neuf","isPartOf":{"@id":"https:\/\/www.peche-village-neuf.fr\/de\/#website"},"datePublished":"2019-02-23T14:51:12+00:00","dateModified":"2026-05-01T09:16:35+00:00","breadcrumb":{"@id":"https:\/\/www.peche-village-neuf.fr\/de\/manifestations-de-lassociation\/vorschriften-jubilaeum-challenge\/#breadcrumb"},"inLanguage":"de","potentialAction":[{"@type":"ReadAction","target":["https:\/\/www.peche-village-neuf.fr\/de\/manifestations-de-lassociation\/vorschriften-jubilaeum-challenge\/"]}]},{"@type":"BreadcrumbList","@id":"https:\/\/www.peche-village-neuf.fr\/de\/manifestations-de-lassociation\/vorschriften-jubilaeum-challenge\/#breadcrumb","itemListElement":[{"@type":"ListItem","position":1,"name":"Accueil","item":"https:\/\/www.peche-village-neuf.fr\/de\/"},{"@type":"ListItem","position":2,"name":"Veranstaltungen des Vereins","item":"https:\/\/www.peche-village-neuf.fr\/de\/manifestations-de-lassociation\/"},{"@type":"ListItem","position":3,"name":"Vorschriften Jubil\u00e4um Challenge"}]},{"@type":"WebSite","@id":"https:\/\/www.peche-village-neuf.fr\/de\/#website","url":"https:\/\/www.peche-village-neuf.fr\/de\/","name":"AAPPMA Village-Neuf","description":"","publisher":{"@id":"https:\/\/www.peche-village-neuf.fr\/de\/#organization"},"potentialAction":[{"@type":"SearchAction","target":{"@type":"EntryPoint","urlTemplate":"https:\/\/www.peche-village-neuf.fr\/de\/?s={search_term_string}"},"query-input":{"@type":"PropertyValueSpecification","valueRequired":true,"valueName":"search_term_string"}}],"inLanguage":"de"},{"@type":"Organization","@id":"https:\/\/www.peche-village-neuf.fr\/de\/#organization","name":"AAPPMA Village-Neuf","url":"https:\/\/www.peche-village-neuf.fr\/de\/","logo":{"@type":"ImageObject","inLanguage":"de","@id":"https:\/\/www.peche-village-neuf.fr\/de\/#\/schema\/logo\/image\/","url":"https:\/\/www.peche-village-neuf.fr\/wp-content\/uploads\/2023\/02\/cropped-logo_2023.png","contentUrl":"https:\/\/www.peche-village-neuf.fr\/wp-content\/uploads\/2023\/02\/cropped-logo_2023.png","width":1168,"height":250,"caption":"AAPPMA Village-Neuf"},"image":{"@id":"https:\/\/www.peche-village-neuf.fr\/de\/#\/schema\/logo\/image\/"}}]}},"_links":{"self":[{"href":"https:\/\/www.peche-village-neuf.fr\/de\/wp-json\/wp\/v2\/pages\/822","targetHints":{"allow":["GET"]}}],"collection":[{"href":"https:\/\/www.peche-village-neuf.fr\/de\/wp-json\/wp\/v2\/pages"}],"about":[{"href":"https:\/\/www.peche-village-neuf.fr\/de\/wp-json\/wp\/v2\/types\/page"}],"author":[{"embeddable":true,"href":"https:\/\/www.peche-village-neuf.fr\/de\/wp-json\/wp\/v2\/users\/1"}],"replies":[{"embeddable":true,"href":"https:\/\/www.peche-village-neuf.fr\/de\/wp-json\/wp\/v2\/comments?post=822"}],"version-history":[{"count":10,"href":"https:\/\/www.peche-village-neuf.fr\/de\/wp-json\/wp\/v2\/pages\/822\/revisions"}],"predecessor-version":[{"id":2907,"href":"https:\/\/www.peche-village-neuf.fr\/de\/wp-json\/wp\/v2\/pages\/822\/revisions\/2907"}],"up":[{"embeddable":true,"href":"https:\/\/www.peche-village-neuf.fr\/de\/wp-json\/wp\/v2\/pages\/1838"}],"wp:attachment":[{"href":"https:\/\/www.peche-village-neuf.fr\/de\/wp-json\/wp\/v2\/media?parent=822"}],"curies":[{"name":"wp","href":"https:\/\/api.w.org\/{rel}","templated":true}]}}