{"id":807,"date":"2019-02-23T15:46:36","date_gmt":"2019-02-23T14:46:36","guid":{"rendered":"https:\/\/www.peche-village-neuf.fr\/?page_id=807"},"modified":"2024-01-30T18:09:14","modified_gmt":"2024-01-30T17:09:14","slug":"7-stunden-angelwettbewerb","status":"publish","type":"page","link":"https:\/\/www.peche-village-neuf.fr\/de\/manifestations-de-lassociation\/7-stunden-angelwettbewerb\/","title":{"rendered":"Paarfischen 2024"},"content":{"rendered":"<h1>Paarfischen<\/h1>\n<p><a href=\"https:\/\/www.peche-village-neuf.fr\/wp-content\/uploads\/2019\/02\/7-heures.jpg\" data-rel=\"lightbox-image-0\" data-rl_title=\"\" data-rl_caption=\"\" title=\"\"><img loading=\"lazy\" decoding=\"async\" class=\"alignleft size-medium wp-image-645\" src=\"https:\/\/www.peche-village-neuf.fr\/wp-content\/uploads\/2019\/02\/7-heures-300x169.jpg\" alt=\"\" width=\"300\" height=\"169\" srcset=\"https:\/\/www.peche-village-neuf.fr\/wp-content\/uploads\/2019\/02\/7-heures-300x169.jpg 300w, https:\/\/www.peche-village-neuf.fr\/wp-content\/uploads\/2019\/02\/7-heures-768x432.jpg 768w, https:\/\/www.peche-village-neuf.fr\/wp-content\/uploads\/2019\/02\/7-heures-1024x576.jpg 1024w\" sizes=\"auto, (max-width: 300px) 100vw, 300px\" \/><\/a><\/p>\n<p>&nbsp;<\/p>\n<p>Die AAPPMA von Village-Neuf organisiert am Sonntag, den 05 mai 2024, ihren\u00a0 Paarfischen Angelwettbewerb.<\/p>\n<p>&nbsp;<\/p>\n<p>Das Prinzip ist einfach, der Teich wird in 50 Pl\u00e4tze unterteilt, die 2 Ruten und einen Angler oder 2 Angler mit je 1 Rute aufnehmen k\u00f6nnen.<\/p>\n<p>ob Feeder Fischen, Match Fischen, Pole Fishing, usw.\u2026 alle Techniken des Fischfangs sind erlaubt, mit Ausnahme der Verwendung von Glaskugel oder des Fischens an der Oberfl\u00e4che.<\/p>\n<p>Das Ziel ist es, das gr\u00f6\u00dfte Gewicht an Fisch zu machen, und nat\u00fcrlich werden die Besten unter Ihnen belohnt.<\/p>\n<p>SIE WOLLEN SICH ALSO DER HERAUSFORDERUNG STELLEN?<\/p>\n<p>Sie m\u00fcssen sich lediglich zum Preis von 40 Euro pro Artikel registrieren.<\/p>\n<p>&#8211; \u00dcber unsere Website,<\/p>\n<p>&#8211; Bei Herrn GROSS Michel :\u00a0 ludo-boy@orange.fr \/\/\u00a0Port: 06 07 80 10 14<\/p>\n<p>&#8211; Im Quackery Bar bei Michel<\/p>\n<p>F\u00fcr weitere Informationen zu den Wettbewerbsregeln und -bestimmungen klicken Sie auf den\u00a0<a href=\"https:\/\/www.peche-village-neuf.fr\/de\/vorschriften-paarfischen\/\">Link<\/a><\/p>\n<p>Bitte beachten Sie, dass die Pl\u00e4tze begrenzt sind und Reservierungen erst nach Eingang der Zahlung ber\u00fccksichtigt werden.<\/p>\n<p>M\u00f6glichkeit der Verpflegung vor Ort (Sandwich den ganzen Tag, mittags Schweinelende oder frittierte Karpfen : Preis und Reservierung (obligatorisch f\u00fcr mittags) bei Herrn Reibel\u00a0.<\/p>\n<p>&nbsp;<\/p>\n","protected":false},"excerpt":{"rendered":"<p>Paarfischen &nbsp; Die AAPPMA von Village-Neuf organisiert am Sonntag, den 05 mai 2024, ihren\u00a0 Paarfischen Angelwettbewerb. &nbsp; Das Prinzip ist einfach, der Teich wird in 50 Pl\u00e4tze unterteilt, die 2 Ruten und einen Angler oder 2 Angler mit je 1 Rute aufnehmen k\u00f6nnen. ob Feeder Fischen, Match Fischen, Pole Fishing, usw.\u2026 alle Techniken des Fischfangs &hellip; <\/p>\n<p class=\"link-more\"><a href=\"https:\/\/www.peche-village-neuf.fr\/de\/manifestations-de-lassociation\/7-stunden-angelwettbewerb\/\" class=\"more-link\">Continue reading<span class=\"screen-reader-text\"> &#8222;Paarfischen 2024&#8220;<\/span><\/a><\/p>\n","protected":false},"author":5,"featured_media":645,"parent":1838,"menu_order":0,"comment_status":"closed","ping_status":"closed","template":"","meta":{"_acf_changed":false,"footnotes":""},"class_list":["post-807","page","type-page","status-publish","has-post-thumbnail","hentry"],"acf":[],"yoast_head":"<!-- This site is optimized with the Yoast SEO plugin v26.9 - https:\/\/yoast.com\/product\/yoast-seo-wordpress\/ -->\n<title>Paarfischen 2024 - AAPPMA Village-Neuf<\/title>\n<meta name=\"robots\" content=\"index, follow, max-snippet:-1, max-image-preview:large, max-video-preview:-1\" \/>\n<link rel=\"canonical\" href=\"https:\/\/www.peche-village-neuf.fr\/de\/manifestations-de-lassociation\/7-stunden-angelwettbewerb\/\" \/>\n<meta property=\"og:locale\" content=\"de_DE\" \/>\n<meta property=\"og:type\" content=\"article\" \/>\n<meta property=\"og:title\" content=\"Paarfischen 2024 - AAPPMA Village-Neuf\" \/>\n<meta property=\"og:description\" content=\"Paarfischen &nbsp; Die AAPPMA von Village-Neuf organisiert am Sonntag, den 05 mai 2024, ihren\u00a0 Paarfischen Angelwettbewerb. &nbsp; Das Prinzip ist einfach, der Teich wird in 50 Pl\u00e4tze unterteilt, die 2 Ruten und einen Angler oder 2 Angler mit je 1 Rute aufnehmen k\u00f6nnen. ob Feeder Fischen, Match Fischen, Pole Fishing, usw.\u2026 alle Techniken des Fischfangs &hellip; Continue reading &quot;Paarfischen 2024&quot;\" \/>\n<meta property=\"og:url\" content=\"https:\/\/www.peche-village-neuf.fr\/de\/manifestations-de-lassociation\/7-stunden-angelwettbewerb\/\" \/>\n<meta property=\"og:site_name\" content=\"AAPPMA Village-Neuf\" \/>\n<meta property=\"article:modified_time\" content=\"2024-01-30T17:09:14+00:00\" \/>\n<meta property=\"og:image\" content=\"https:\/\/www.peche-village-neuf.fr\/wp-content\/uploads\/2019\/02\/7-heures-1024x576.jpg\" \/>\n\t<meta property=\"og:image:width\" content=\"1024\" \/>\n\t<meta property=\"og:image:height\" content=\"576\" \/>\n\t<meta property=\"og:image:type\" content=\"image\/jpeg\" \/>\n<meta name=\"twitter:card\" content=\"summary_large_image\" \/>\n<meta name=\"twitter:label1\" content=\"Gesch\u00e4tzte Lesezeit\" \/>\n\t<meta name=\"twitter:data1\" content=\"2\u00a0Minuten\" \/>\n<script type=\"application\/ld+json\" class=\"yoast-schema-graph\">{\"@context\":\"https:\/\/schema.org\",\"@graph\":[{\"@type\":\"WebPage\",\"@id\":\"https:\/\/www.peche-village-neuf.fr\/de\/manifestations-de-lassociation\/7-stunden-angelwettbewerb\/\",\"url\":\"https:\/\/www.peche-village-neuf.fr\/de\/manifestations-de-lassociation\/7-stunden-angelwettbewerb\/\",\"name\":\"Paarfischen 2024 - AAPPMA Village-Neuf\",\"isPartOf\":{\"@id\":\"https:\/\/www.peche-village-neuf.fr\/de\/#website\"},\"primaryImageOfPage\":{\"@id\":\"https:\/\/www.peche-village-neuf.fr\/de\/manifestations-de-lassociation\/7-stunden-angelwettbewerb\/#primaryimage\"},\"image\":{\"@id\":\"https:\/\/www.peche-village-neuf.fr\/de\/manifestations-de-lassociation\/7-stunden-angelwettbewerb\/#primaryimage\"},\"thumbnailUrl\":\"https:\/\/www.peche-village-neuf.fr\/wp-content\/uploads\/2019\/02\/7-heures.jpg\",\"datePublished\":\"2019-02-23T14:46:36+00:00\",\"dateModified\":\"2024-01-30T17:09:14+00:00\",\"breadcrumb\":{\"@id\":\"https:\/\/www.peche-village-neuf.fr\/de\/manifestations-de-lassociation\/7-stunden-angelwettbewerb\/#breadcrumb\"},\"inLanguage\":\"de\",\"potentialAction\":[{\"@type\":\"ReadAction\",\"target\":[\"https:\/\/www.peche-village-neuf.fr\/de\/manifestations-de-lassociation\/7-stunden-angelwettbewerb\/\"]}]},{\"@type\":\"ImageObject\",\"inLanguage\":\"de\",\"@id\":\"https:\/\/www.peche-village-neuf.fr\/de\/manifestations-de-lassociation\/7-stunden-angelwettbewerb\/#primaryimage\",\"url\":\"https:\/\/www.peche-village-neuf.fr\/wp-content\/uploads\/2019\/02\/7-heures.jpg\",\"contentUrl\":\"https:\/\/www.peche-village-neuf.fr\/wp-content\/uploads\/2019\/02\/7-heures.jpg\",\"width\":5312,\"height\":2988},{\"@type\":\"BreadcrumbList\",\"@id\":\"https:\/\/www.peche-village-neuf.fr\/de\/manifestations-de-lassociation\/7-stunden-angelwettbewerb\/#breadcrumb\",\"itemListElement\":[{\"@type\":\"ListItem\",\"position\":1,\"name\":\"Accueil\",\"item\":\"https:\/\/www.peche-village-neuf.fr\/de\/\"},{\"@type\":\"ListItem\",\"position\":2,\"name\":\"Veranstaltungen des Vereins\",\"item\":\"https:\/\/www.peche-village-neuf.fr\/de\/manifestations-de-lassociation\/\"},{\"@type\":\"ListItem\",\"position\":3,\"name\":\"Paarfischen 2024\"}]},{\"@type\":\"WebSite\",\"@id\":\"https:\/\/www.peche-village-neuf.fr\/de\/#website\",\"url\":\"https:\/\/www.peche-village-neuf.fr\/de\/\",\"name\":\"AAPPMA Village-Neuf\",\"description\":\"\",\"publisher\":{\"@id\":\"https:\/\/www.peche-village-neuf.fr\/de\/#organization\"},\"potentialAction\":[{\"@type\":\"SearchAction\",\"target\":{\"@type\":\"EntryPoint\",\"urlTemplate\":\"https:\/\/www.peche-village-neuf.fr\/de\/?s={search_term_string}\"},\"query-input\":{\"@type\":\"PropertyValueSpecification\",\"valueRequired\":true,\"valueName\":\"search_term_string\"}}],\"inLanguage\":\"de\"},{\"@type\":\"Organization\",\"@id\":\"https:\/\/www.peche-village-neuf.fr\/de\/#organization\",\"name\":\"AAPPMA Village-Neuf\",\"url\":\"https:\/\/www.peche-village-neuf.fr\/de\/\",\"logo\":{\"@type\":\"ImageObject\",\"inLanguage\":\"de\",\"@id\":\"https:\/\/www.peche-village-neuf.fr\/de\/#\/schema\/logo\/image\/\",\"url\":\"https:\/\/www.peche-village-neuf.fr\/wp-content\/uploads\/2023\/02\/cropped-logo_2023.png\",\"contentUrl\":\"https:\/\/www.peche-village-neuf.fr\/wp-content\/uploads\/2023\/02\/cropped-logo_2023.png\",\"width\":1168,\"height\":250,\"caption\":\"AAPPMA Village-Neuf\"},\"image\":{\"@id\":\"https:\/\/www.peche-village-neuf.fr\/de\/#\/schema\/logo\/image\/\"}}]}<\/script>\n<!-- \/ Yoast SEO plugin. -->","yoast_head_json":{"title":"Paarfischen 2024 - AAPPMA Village-Neuf","robots":{"index":"index","follow":"follow","max-snippet":"max-snippet:-1","max-image-preview":"max-image-preview:large","max-video-preview":"max-video-preview:-1"},"canonical":"https:\/\/www.peche-village-neuf.fr\/de\/manifestations-de-lassociation\/7-stunden-angelwettbewerb\/","og_locale":"de_DE","og_type":"article","og_title":"Paarfischen 2024 - AAPPMA Village-Neuf","og_description":"Paarfischen &nbsp; Die AAPPMA von Village-Neuf organisiert am Sonntag, den 05 mai 2024, ihren\u00a0 Paarfischen Angelwettbewerb. &nbsp; Das Prinzip ist einfach, der Teich wird in 50 Pl\u00e4tze unterteilt, die 2 Ruten und einen Angler oder 2 Angler mit je 1 Rute aufnehmen k\u00f6nnen. ob Feeder Fischen, Match Fischen, Pole Fishing, usw.\u2026 alle Techniken des Fischfangs &hellip; Continue reading \"Paarfischen 2024\"","og_url":"https:\/\/www.peche-village-neuf.fr\/de\/manifestations-de-lassociation\/7-stunden-angelwettbewerb\/","og_site_name":"AAPPMA Village-Neuf","article_modified_time":"2024-01-30T17:09:14+00:00","og_image":[{"width":1024,"height":576,"url":"https:\/\/www.peche-village-neuf.fr\/wp-content\/uploads\/2019\/02\/7-heures-1024x576.jpg","type":"image\/jpeg"}],"twitter_card":"summary_large_image","twitter_misc":{"Gesch\u00e4tzte Lesezeit":"2\u00a0Minuten"},"schema":{"@context":"https:\/\/schema.org","@graph":[{"@type":"WebPage","@id":"https:\/\/www.peche-village-neuf.fr\/de\/manifestations-de-lassociation\/7-stunden-angelwettbewerb\/","url":"https:\/\/www.peche-village-neuf.fr\/de\/manifestations-de-lassociation\/7-stunden-angelwettbewerb\/","name":"Paarfischen 2024 - AAPPMA Village-Neuf","isPartOf":{"@id":"https:\/\/www.peche-village-neuf.fr\/de\/#website"},"primaryImageOfPage":{"@id":"https:\/\/www.peche-village-neuf.fr\/de\/manifestations-de-lassociation\/7-stunden-angelwettbewerb\/#primaryimage"},"image":{"@id":"https:\/\/www.peche-village-neuf.fr\/de\/manifestations-de-lassociation\/7-stunden-angelwettbewerb\/#primaryimage"},"thumbnailUrl":"https:\/\/www.peche-village-neuf.fr\/wp-content\/uploads\/2019\/02\/7-heures.jpg","datePublished":"2019-02-23T14:46:36+00:00","dateModified":"2024-01-30T17:09:14+00:00","breadcrumb":{"@id":"https:\/\/www.peche-village-neuf.fr\/de\/manifestations-de-lassociation\/7-stunden-angelwettbewerb\/#breadcrumb"},"inLanguage":"de","potentialAction":[{"@type":"ReadAction","target":["https:\/\/www.peche-village-neuf.fr\/de\/manifestations-de-lassociation\/7-stunden-angelwettbewerb\/"]}]},{"@type":"ImageObject","inLanguage":"de","@id":"https:\/\/www.peche-village-neuf.fr\/de\/manifestations-de-lassociation\/7-stunden-angelwettbewerb\/#primaryimage","url":"https:\/\/www.peche-village-neuf.fr\/wp-content\/uploads\/2019\/02\/7-heures.jpg","contentUrl":"https:\/\/www.peche-village-neuf.fr\/wp-content\/uploads\/2019\/02\/7-heures.jpg","width":5312,"height":2988},{"@type":"BreadcrumbList","@id":"https:\/\/www.peche-village-neuf.fr\/de\/manifestations-de-lassociation\/7-stunden-angelwettbewerb\/#breadcrumb","itemListElement":[{"@type":"ListItem","position":1,"name":"Accueil","item":"https:\/\/www.peche-village-neuf.fr\/de\/"},{"@type":"ListItem","position":2,"name":"Veranstaltungen des Vereins","item":"https:\/\/www.peche-village-neuf.fr\/de\/manifestations-de-lassociation\/"},{"@type":"ListItem","position":3,"name":"Paarfischen 2024"}]},{"@type":"WebSite","@id":"https:\/\/www.peche-village-neuf.fr\/de\/#website","url":"https:\/\/www.peche-village-neuf.fr\/de\/","name":"AAPPMA Village-Neuf","description":"","publisher":{"@id":"https:\/\/www.peche-village-neuf.fr\/de\/#organization"},"potentialAction":[{"@type":"SearchAction","target":{"@type":"EntryPoint","urlTemplate":"https:\/\/www.peche-village-neuf.fr\/de\/?s={search_term_string}"},"query-input":{"@type":"PropertyValueSpecification","valueRequired":true,"valueName":"search_term_string"}}],"inLanguage":"de"},{"@type":"Organization","@id":"https:\/\/www.peche-village-neuf.fr\/de\/#organization","name":"AAPPMA Village-Neuf","url":"https:\/\/www.peche-village-neuf.fr\/de\/","logo":{"@type":"ImageObject","inLanguage":"de","@id":"https:\/\/www.peche-village-neuf.fr\/de\/#\/schema\/logo\/image\/","url":"https:\/\/www.peche-village-neuf.fr\/wp-content\/uploads\/2023\/02\/cropped-logo_2023.png","contentUrl":"https:\/\/www.peche-village-neuf.fr\/wp-content\/uploads\/2023\/02\/cropped-logo_2023.png","width":1168,"height":250,"caption":"AAPPMA Village-Neuf"},"image":{"@id":"https:\/\/www.peche-village-neuf.fr\/de\/#\/schema\/logo\/image\/"}}]}},"_links":{"self":[{"href":"https:\/\/www.peche-village-neuf.fr\/de\/wp-json\/wp\/v2\/pages\/807","targetHints":{"allow":["GET"]}}],"collection":[{"href":"https:\/\/www.peche-village-neuf.fr\/de\/wp-json\/wp\/v2\/pages"}],"about":[{"href":"https:\/\/www.peche-village-neuf.fr\/de\/wp-json\/wp\/v2\/types\/page"}],"author":[{"embeddable":true,"href":"https:\/\/www.peche-village-neuf.fr\/de\/wp-json\/wp\/v2\/users\/5"}],"replies":[{"embeddable":true,"href":"https:\/\/www.peche-village-neuf.fr\/de\/wp-json\/wp\/v2\/comments?post=807"}],"version-history":[{"count":16,"href":"https:\/\/www.peche-village-neuf.fr\/de\/wp-json\/wp\/v2\/pages\/807\/revisions"}],"predecessor-version":[{"id":2707,"href":"https:\/\/www.peche-village-neuf.fr\/de\/wp-json\/wp\/v2\/pages\/807\/revisions\/2707"}],"up":[{"embeddable":true,"href":"https:\/\/www.peche-village-neuf.fr\/de\/wp-json\/wp\/v2\/pages\/1838"}],"wp:featuredmedia":[{"embeddable":true,"href":"https:\/\/www.peche-village-neuf.fr\/de\/wp-json\/wp\/v2\/media\/645"}],"wp:attachment":[{"href":"https:\/\/www.peche-village-neuf.fr\/de\/wp-json\/wp\/v2\/media?parent=807"}],"curies":[{"name":"wp","href":"https:\/\/api.w.org\/{rel}","templated":true}]}}