{"id":793,"date":"2019-02-21T11:16:52","date_gmt":"2019-02-21T10:16:52","guid":{"rendered":"https:\/\/www.peche-village-neuf.fr\/?page_id=793"},"modified":"2025-02-09T19:09:36","modified_gmt":"2025-02-09T18:09:36","slug":"der-weiher-le-quackery","status":"publish","type":"page","link":"https:\/\/www.peche-village-neuf.fr\/de\/der-verein-aappma\/der-weiher-le-quackery\/","title":{"rendered":"Der Weiher Le Quackery"},"content":{"rendered":"<h3>L\u2019\u00e9tang du Quackery<\/h3>\n<p>Nur f\u00fcr Angler mit der Karte &#8222;Etang Du Quackery&#8220;.<\/p>\n<h4>Lokalisierung :<\/h4>\n<p>Auf dem Gemeindebann von Village- Neuf gelegen ist dieser Wasserplan mit einer Fl\u00e4che von etwa 3,5 Hektar der gr\u00f6\u00dfte Wasserplan der Region der 3 Grenzen.<\/p>\n<p>&nbsp;<\/p>\n<p><a href=\"https:\/\/www.peche-village-neuf.fr\/wp-content\/uploads\/2019\/02\/Etang-le-Quackery-1.jpg\" data-rel=\"lightbox-image-0\" data-rl_title=\"\" data-rl_caption=\"\" title=\"\"><img loading=\"lazy\" decoding=\"async\" class=\"aligncenter wp-image-105 size-full\" src=\"https:\/\/www.peche-village-neuf.fr\/wp-content\/uploads\/2019\/02\/Etang-le-Quackery-1.jpg\" alt=\"\" width=\"960\" height=\"540\" srcset=\"https:\/\/www.peche-village-neuf.fr\/wp-content\/uploads\/2019\/02\/Etang-le-Quackery-1.jpg 960w, https:\/\/www.peche-village-neuf.fr\/wp-content\/uploads\/2019\/02\/Etang-le-Quackery-1-800x450.jpg 800w, https:\/\/www.peche-village-neuf.fr\/wp-content\/uploads\/2019\/02\/Etang-le-Quackery-1-780x439.jpg 780w, https:\/\/www.peche-village-neuf.fr\/wp-content\/uploads\/2019\/02\/Etang-le-Quackery-1-300x169.jpg 300w, https:\/\/www.peche-village-neuf.fr\/wp-content\/uploads\/2019\/02\/Etang-le-Quackery-1-768x432.jpg 768w\" sizes=\"auto, (max-width: 706px) 89vw, (max-width: 767px) 82vw, 740px\" \/><\/a><\/p>\n<p>Um den Erwartungen der Angler gerecht zu werden, wurden in den letzten Jahren zahlreiche &#8222;Troph\u00e4enkarpfen&#8220; besetzt. Karpfen, Spiegelkarpfen, Pl\u00f6tzen, Ukeleien, Schleien und Hechte sind die am h\u00e4ufigsten vertretenen Arten. Aber Vorsicht, zu jeder Zeit k\u00f6nnen Sie von einem Wels \u00fcberrascht werden. Derzeit hat der schwerste Karpfen ein Gewicht von 25 kg.<\/p>\n<p>Um im Quackery-Teich zu angeln, muss der Angler zwingend die Jahreskarte des Vereins oder eine Tageskarte besitzen. Die f\u00f6derale Karte f\u00fcr den \u00f6ffentlichen Bereich ist in keinem Fall g\u00fcltig und es ist strengstens verboten, ohne Karte mit dem Angeln zu beginnen.<\/p>\n<p><strong>Sie k\u00f6nnen die Teichkarten auf dieser Website mit gesicherter Zahlung oder\u00a0<\/strong><\/p>\n<p>Fish Unser: <span class=\"bm_details_overlay\" tabindex=\"0\" data-detailsoverlay=\"{&quot;centerLatitude&quot;:47.6185302734375,&quot;centerLongitude&quot;:7.667069911956787,&quot;zoom&quot;:16,&quot;localDetailsState&quot;:{&quot;entityType&quot;:&quot;Business&quot;,&quot;launchOverflowTaskOnTaskActivate&quot;:false,&quot;query&quot;:&quot;Fisch-Unser&quot;,&quot;id&quot;:&quot;ypid:YN6740x8123993024335941894&quot;,&quot;disableComputingMapViewForLoadingOnly&quot;:true,&quot;formCode&quot;:&quot;MPSRPL&quot;,&quot;mapsEntryPointState&quot;:{&quot;answerService&quot;:&quot;TaskPanePromotionAnswer&quot;,&quot;answerScenario&quot;:&quot;Location&quot;,&quot;segment&quot;:&quot;&quot;,&quot;region&quot;:&quot;TopOfPage&quot;,&quot;entryPoint&quot;:&quot;Details_Link&quot;}}}\" data-mapsovlprocessed=\"1\">Schwarzwaldstr. 31 \u00b7 79539 L\u00f6rrach<\/span><\/p>\n<p>Angelzentrum: <span class=\"bm_details_overlay\" tabindex=\"0\" data-detailsoverlay=\"{&quot;centerLatitude&quot;:47.98664474487305,&quot;centerLongitude&quot;:7.790002822875977,&quot;zoom&quot;:16,&quot;localDetailsState&quot;:{&quot;entityType&quot;:&quot;Business&quot;,&quot;launchOverflowTaskOnTaskActivate&quot;:false,&quot;query&quot;:&quot;Angel-zentrum Freiburg&quot;,&quot;id&quot;:&quot;ypid:YN6740x2613825273172967501&quot;,&quot;disableComputingMapViewForLoadingOnly&quot;:true,&quot;formCode&quot;:&quot;MPSRPL&quot;,&quot;mapsEntryPointState&quot;:{&quot;answerService&quot;:&quot;TaskPanePromotionAnswer&quot;,&quot;answerScenario&quot;:&quot;Location&quot;,&quot;segment&quot;:&quot;&quot;,&quot;region&quot;:&quot;TopOfPage&quot;,&quot;entryPoint&quot;:&quot;Details_Link&quot;}}}\" data-mapsovlprocessed=\"1\">Jechtinge<a href=\"https:\/\/www.bing.com\/ck\/a?!&amp;&amp;p=ae2ef3b3d59e4c88b7d510b86027673141e3fe37c1ba60763a95ed16091f9281JmltdHM9MTczOTA1OTIwMA&amp;ptn=3&amp;ver=2&amp;hsh=4&amp;fclid=0931f2ae-40bb-657c-175e-e164414c6465&amp;u=a1L21hcHM_Jm1lcGk9MTA5fn5Ub3BPZlBhZ2V-QWRkcmVzc19MaW5rJnR5PTE4JnE9QW5nZWwtemVudHJ1bSUyMEZyZWlidXJnJnNzPXlwaWQuWU42NzQweDI2MTM4MjUyNzMxNzI5Njc1MDEmcHBvaXM9NDcuOTg2NjQ0NzQ0ODczMDVfNy43OTAwMDI4MjI4NzU5NzdfQW5nZWwtemVudHJ1bSUyMEZyZWlidXJnX1lONjc0MHgyNjEzODI1MjczMTcyOTY3NTAxfiZjcD00Ny45ODY2NDV-Ny43OTAwMDMmdj0yJnNWPTEmRk9STT1NUFNSUEw&amp;ntb=1\" target=\"_blank\" rel=\"noopener\" data-h=\"ID=SERP,5464.1\">r<\/a>str 12 \u00b7 79111 Freiburg<\/span><\/p>\n<div class=\"wp-playlist wp-video-playlist wp-playlist-light\">\n\t\t<video controls=\"controls\" preload=\"none\" width=\"503\"\n\t\t height=\"285\"\t><\/video>\n\t<div class=\"wp-playlist-next\"><\/div>\n\t<div class=\"wp-playlist-prev\"><\/div>\n\t<noscript>\n\t<ol>\n\t\t<li><a href='https:\/\/www.peche-village-neuf.fr\/wp-content\/uploads\/2020\/10\/VID-20200924-WA0000.mp4'>VID-20200924-WA0000<\/a><\/li>\t<\/ol>\n\t<\/noscript>\n\t<script type=\"application\/json\" class=\"wp-playlist-script\">{\"type\":\"video\",\"tracklist\":true,\"tracknumbers\":true,\"images\":true,\"artists\":true,\"tracks\":[{\"src\":\"https:\/\/www.peche-village-neuf.fr\/wp-content\/uploads\/2020\/10\/VID-20200924-WA0000.mp4\",\"type\":\"video\/mp4\",\"title\":\"VID-20200924-WA0000\",\"caption\":\"\",\"description\":\"\",\"meta\":{\"length_formatted\":\"1:34\"},\"dimensions\":{\"original\":{\"width\":848,\"height\":480},\"resized\":{\"width\":503,\"height\":285}},\"image\":{\"src\":\"https:\/\/www.peche-village-neuf.fr\/wp-includes\/images\/media\/video.svg\",\"width\":48,\"height\":64},\"thumb\":{\"src\":\"https:\/\/www.peche-village-neuf.fr\/wp-includes\/images\/media\/video.svg\",\"width\":48,\"height\":64}}]}<\/script>\n<\/div>\n\t\n","protected":false},"excerpt":{"rendered":"<p>L\u2019\u00e9tang du Quackery Nur f\u00fcr Angler mit der Karte &#8222;Etang Du Quackery&#8220;. Lokalisierung : Auf dem Gemeindebann von Village- Neuf gelegen ist dieser Wasserplan mit einer Fl\u00e4che von etwa 3,5 Hektar der gr\u00f6\u00dfte Wasserplan der Region der 3 Grenzen. &nbsp; Um den Erwartungen der Angler gerecht zu werden, wurden in den letzten Jahren zahlreiche &#8222;Troph\u00e4enkarpfen&#8220; &hellip; <\/p>\n<p class=\"link-more\"><a href=\"https:\/\/www.peche-village-neuf.fr\/de\/der-verein-aappma\/der-weiher-le-quackery\/\" class=\"more-link\">Continue reading<span class=\"screen-reader-text\"> &#8222;Der Weiher Le Quackery&#8220;<\/span><\/a><\/p>\n","protected":false},"author":1,"featured_media":620,"parent":787,"menu_order":0,"comment_status":"closed","ping_status":"closed","template":"","meta":{"_acf_changed":false,"footnotes":""},"class_list":["post-793","page","type-page","status-publish","has-post-thumbnail","hentry"],"acf":[],"yoast_head":"<!-- This site is optimized with the Yoast SEO plugin v26.9 - https:\/\/yoast.com\/product\/yoast-seo-wordpress\/ -->\n<title>Der Weiher Le Quackery - AAPPMA Village-Neuf<\/title>\n<meta name=\"robots\" content=\"index, follow, max-snippet:-1, max-image-preview:large, max-video-preview:-1\" \/>\n<link rel=\"canonical\" href=\"https:\/\/www.peche-village-neuf.fr\/de\/der-verein-aappma\/der-weiher-le-quackery\/\" \/>\n<meta property=\"og:locale\" content=\"de_DE\" \/>\n<meta property=\"og:type\" content=\"article\" \/>\n<meta property=\"og:title\" content=\"Der Weiher Le Quackery - AAPPMA Village-Neuf\" \/>\n<meta property=\"og:description\" content=\"L\u2019\u00e9tang du Quackery Nur f\u00fcr Angler mit der Karte &#8222;Etang Du Quackery&#8220;. Lokalisierung : Auf dem Gemeindebann von Village- Neuf gelegen ist dieser Wasserplan mit einer Fl\u00e4che von etwa 3,5 Hektar der gr\u00f6\u00dfte Wasserplan der Region der 3 Grenzen. &nbsp; Um den Erwartungen der Angler gerecht zu werden, wurden in den letzten Jahren zahlreiche &#8222;Troph\u00e4enkarpfen&#8220; &hellip; Continue reading &quot;Der Weiher Le Quackery&quot;\" \/>\n<meta property=\"og:url\" content=\"https:\/\/www.peche-village-neuf.fr\/de\/der-verein-aappma\/der-weiher-le-quackery\/\" \/>\n<meta property=\"og:site_name\" content=\"AAPPMA Village-Neuf\" \/>\n<meta property=\"article:modified_time\" content=\"2025-02-09T18:09:36+00:00\" \/>\n<meta property=\"og:image\" content=\"https:\/\/www.peche-village-neuf.fr\/wp-content\/uploads\/2019\/02\/salle.jpg\" \/>\n\t<meta property=\"og:image:width\" content=\"743\" \/>\n\t<meta property=\"og:image:height\" content=\"480\" \/>\n\t<meta property=\"og:image:type\" content=\"image\/jpeg\" \/>\n<meta name=\"twitter:card\" content=\"summary_large_image\" \/>\n<meta name=\"twitter:label1\" content=\"Gesch\u00e4tzte Lesezeit\" \/>\n\t<meta name=\"twitter:data1\" content=\"2\u00a0Minuten\" \/>\n<script type=\"application\/ld+json\" class=\"yoast-schema-graph\">{\"@context\":\"https:\/\/schema.org\",\"@graph\":[{\"@type\":\"WebPage\",\"@id\":\"https:\/\/www.peche-village-neuf.fr\/de\/der-verein-aappma\/der-weiher-le-quackery\/\",\"url\":\"https:\/\/www.peche-village-neuf.fr\/de\/der-verein-aappma\/der-weiher-le-quackery\/\",\"name\":\"Der Weiher Le Quackery - AAPPMA Village-Neuf\",\"isPartOf\":{\"@id\":\"https:\/\/www.peche-village-neuf.fr\/de\/#website\"},\"primaryImageOfPage\":{\"@id\":\"https:\/\/www.peche-village-neuf.fr\/de\/der-verein-aappma\/der-weiher-le-quackery\/#primaryimage\"},\"image\":{\"@id\":\"https:\/\/www.peche-village-neuf.fr\/de\/der-verein-aappma\/der-weiher-le-quackery\/#primaryimage\"},\"thumbnailUrl\":\"https:\/\/www.peche-village-neuf.fr\/wp-content\/uploads\/2019\/02\/salle.jpg\",\"datePublished\":\"2019-02-21T10:16:52+00:00\",\"dateModified\":\"2025-02-09T18:09:36+00:00\",\"breadcrumb\":{\"@id\":\"https:\/\/www.peche-village-neuf.fr\/de\/der-verein-aappma\/der-weiher-le-quackery\/#breadcrumb\"},\"inLanguage\":\"de\",\"potentialAction\":[{\"@type\":\"ReadAction\",\"target\":[\"https:\/\/www.peche-village-neuf.fr\/de\/der-verein-aappma\/der-weiher-le-quackery\/\"]}]},{\"@type\":\"ImageObject\",\"inLanguage\":\"de\",\"@id\":\"https:\/\/www.peche-village-neuf.fr\/de\/der-verein-aappma\/der-weiher-le-quackery\/#primaryimage\",\"url\":\"https:\/\/www.peche-village-neuf.fr\/wp-content\/uploads\/2019\/02\/salle.jpg\",\"contentUrl\":\"https:\/\/www.peche-village-neuf.fr\/wp-content\/uploads\/2019\/02\/salle.jpg\",\"width\":743,\"height\":480},{\"@type\":\"BreadcrumbList\",\"@id\":\"https:\/\/www.peche-village-neuf.fr\/de\/der-verein-aappma\/der-weiher-le-quackery\/#breadcrumb\",\"itemListElement\":[{\"@type\":\"ListItem\",\"position\":1,\"name\":\"Accueil\",\"item\":\"https:\/\/www.peche-village-neuf.fr\/de\/\"},{\"@type\":\"ListItem\",\"position\":2,\"name\":\"Der Verein AAPPMA\",\"item\":\"https:\/\/www.peche-village-neuf.fr\/de\/der-verein-aappma\/\"},{\"@type\":\"ListItem\",\"position\":3,\"name\":\"Der Weiher Le Quackery\"}]},{\"@type\":\"WebSite\",\"@id\":\"https:\/\/www.peche-village-neuf.fr\/de\/#website\",\"url\":\"https:\/\/www.peche-village-neuf.fr\/de\/\",\"name\":\"AAPPMA Village-Neuf\",\"description\":\"\",\"publisher\":{\"@id\":\"https:\/\/www.peche-village-neuf.fr\/de\/#organization\"},\"potentialAction\":[{\"@type\":\"SearchAction\",\"target\":{\"@type\":\"EntryPoint\",\"urlTemplate\":\"https:\/\/www.peche-village-neuf.fr\/de\/?s={search_term_string}\"},\"query-input\":{\"@type\":\"PropertyValueSpecification\",\"valueRequired\":true,\"valueName\":\"search_term_string\"}}],\"inLanguage\":\"de\"},{\"@type\":\"Organization\",\"@id\":\"https:\/\/www.peche-village-neuf.fr\/de\/#organization\",\"name\":\"AAPPMA Village-Neuf\",\"url\":\"https:\/\/www.peche-village-neuf.fr\/de\/\",\"logo\":{\"@type\":\"ImageObject\",\"inLanguage\":\"de\",\"@id\":\"https:\/\/www.peche-village-neuf.fr\/de\/#\/schema\/logo\/image\/\",\"url\":\"https:\/\/www.peche-village-neuf.fr\/wp-content\/uploads\/2023\/02\/cropped-logo_2023.png\",\"contentUrl\":\"https:\/\/www.peche-village-neuf.fr\/wp-content\/uploads\/2023\/02\/cropped-logo_2023.png\",\"width\":1168,\"height\":250,\"caption\":\"AAPPMA Village-Neuf\"},\"image\":{\"@id\":\"https:\/\/www.peche-village-neuf.fr\/de\/#\/schema\/logo\/image\/\"}}]}<\/script>\n<!-- \/ Yoast SEO plugin. -->","yoast_head_json":{"title":"Der Weiher Le Quackery - AAPPMA Village-Neuf","robots":{"index":"index","follow":"follow","max-snippet":"max-snippet:-1","max-image-preview":"max-image-preview:large","max-video-preview":"max-video-preview:-1"},"canonical":"https:\/\/www.peche-village-neuf.fr\/de\/der-verein-aappma\/der-weiher-le-quackery\/","og_locale":"de_DE","og_type":"article","og_title":"Der Weiher Le Quackery - AAPPMA Village-Neuf","og_description":"L\u2019\u00e9tang du Quackery Nur f\u00fcr Angler mit der Karte &#8222;Etang Du Quackery&#8220;. Lokalisierung : Auf dem Gemeindebann von Village- Neuf gelegen ist dieser Wasserplan mit einer Fl\u00e4che von etwa 3,5 Hektar der gr\u00f6\u00dfte Wasserplan der Region der 3 Grenzen. &nbsp; Um den Erwartungen der Angler gerecht zu werden, wurden in den letzten Jahren zahlreiche &#8222;Troph\u00e4enkarpfen&#8220; &hellip; Continue reading \"Der Weiher Le Quackery\"","og_url":"https:\/\/www.peche-village-neuf.fr\/de\/der-verein-aappma\/der-weiher-le-quackery\/","og_site_name":"AAPPMA Village-Neuf","article_modified_time":"2025-02-09T18:09:36+00:00","og_image":[{"width":743,"height":480,"url":"https:\/\/www.peche-village-neuf.fr\/wp-content\/uploads\/2019\/02\/salle.jpg","type":"image\/jpeg"}],"twitter_card":"summary_large_image","twitter_misc":{"Gesch\u00e4tzte Lesezeit":"2\u00a0Minuten"},"schema":{"@context":"https:\/\/schema.org","@graph":[{"@type":"WebPage","@id":"https:\/\/www.peche-village-neuf.fr\/de\/der-verein-aappma\/der-weiher-le-quackery\/","url":"https:\/\/www.peche-village-neuf.fr\/de\/der-verein-aappma\/der-weiher-le-quackery\/","name":"Der Weiher Le Quackery - AAPPMA Village-Neuf","isPartOf":{"@id":"https:\/\/www.peche-village-neuf.fr\/de\/#website"},"primaryImageOfPage":{"@id":"https:\/\/www.peche-village-neuf.fr\/de\/der-verein-aappma\/der-weiher-le-quackery\/#primaryimage"},"image":{"@id":"https:\/\/www.peche-village-neuf.fr\/de\/der-verein-aappma\/der-weiher-le-quackery\/#primaryimage"},"thumbnailUrl":"https:\/\/www.peche-village-neuf.fr\/wp-content\/uploads\/2019\/02\/salle.jpg","datePublished":"2019-02-21T10:16:52+00:00","dateModified":"2025-02-09T18:09:36+00:00","breadcrumb":{"@id":"https:\/\/www.peche-village-neuf.fr\/de\/der-verein-aappma\/der-weiher-le-quackery\/#breadcrumb"},"inLanguage":"de","potentialAction":[{"@type":"ReadAction","target":["https:\/\/www.peche-village-neuf.fr\/de\/der-verein-aappma\/der-weiher-le-quackery\/"]}]},{"@type":"ImageObject","inLanguage":"de","@id":"https:\/\/www.peche-village-neuf.fr\/de\/der-verein-aappma\/der-weiher-le-quackery\/#primaryimage","url":"https:\/\/www.peche-village-neuf.fr\/wp-content\/uploads\/2019\/02\/salle.jpg","contentUrl":"https:\/\/www.peche-village-neuf.fr\/wp-content\/uploads\/2019\/02\/salle.jpg","width":743,"height":480},{"@type":"BreadcrumbList","@id":"https:\/\/www.peche-village-neuf.fr\/de\/der-verein-aappma\/der-weiher-le-quackery\/#breadcrumb","itemListElement":[{"@type":"ListItem","position":1,"name":"Accueil","item":"https:\/\/www.peche-village-neuf.fr\/de\/"},{"@type":"ListItem","position":2,"name":"Der Verein AAPPMA","item":"https:\/\/www.peche-village-neuf.fr\/de\/der-verein-aappma\/"},{"@type":"ListItem","position":3,"name":"Der Weiher Le Quackery"}]},{"@type":"WebSite","@id":"https:\/\/www.peche-village-neuf.fr\/de\/#website","url":"https:\/\/www.peche-village-neuf.fr\/de\/","name":"AAPPMA Village-Neuf","description":"","publisher":{"@id":"https:\/\/www.peche-village-neuf.fr\/de\/#organization"},"potentialAction":[{"@type":"SearchAction","target":{"@type":"EntryPoint","urlTemplate":"https:\/\/www.peche-village-neuf.fr\/de\/?s={search_term_string}"},"query-input":{"@type":"PropertyValueSpecification","valueRequired":true,"valueName":"search_term_string"}}],"inLanguage":"de"},{"@type":"Organization","@id":"https:\/\/www.peche-village-neuf.fr\/de\/#organization","name":"AAPPMA Village-Neuf","url":"https:\/\/www.peche-village-neuf.fr\/de\/","logo":{"@type":"ImageObject","inLanguage":"de","@id":"https:\/\/www.peche-village-neuf.fr\/de\/#\/schema\/logo\/image\/","url":"https:\/\/www.peche-village-neuf.fr\/wp-content\/uploads\/2023\/02\/cropped-logo_2023.png","contentUrl":"https:\/\/www.peche-village-neuf.fr\/wp-content\/uploads\/2023\/02\/cropped-logo_2023.png","width":1168,"height":250,"caption":"AAPPMA Village-Neuf"},"image":{"@id":"https:\/\/www.peche-village-neuf.fr\/de\/#\/schema\/logo\/image\/"}}]}},"_links":{"self":[{"href":"https:\/\/www.peche-village-neuf.fr\/de\/wp-json\/wp\/v2\/pages\/793","targetHints":{"allow":["GET"]}}],"collection":[{"href":"https:\/\/www.peche-village-neuf.fr\/de\/wp-json\/wp\/v2\/pages"}],"about":[{"href":"https:\/\/www.peche-village-neuf.fr\/de\/wp-json\/wp\/v2\/types\/page"}],"author":[{"embeddable":true,"href":"https:\/\/www.peche-village-neuf.fr\/de\/wp-json\/wp\/v2\/users\/1"}],"replies":[{"embeddable":true,"href":"https:\/\/www.peche-village-neuf.fr\/de\/wp-json\/wp\/v2\/comments?post=793"}],"version-history":[{"count":5,"href":"https:\/\/www.peche-village-neuf.fr\/de\/wp-json\/wp\/v2\/pages\/793\/revisions"}],"predecessor-version":[{"id":2781,"href":"https:\/\/www.peche-village-neuf.fr\/de\/wp-json\/wp\/v2\/pages\/793\/revisions\/2781"}],"up":[{"embeddable":true,"href":"https:\/\/www.peche-village-neuf.fr\/de\/wp-json\/wp\/v2\/pages\/787"}],"wp:featuredmedia":[{"embeddable":true,"href":"https:\/\/www.peche-village-neuf.fr\/de\/wp-json\/wp\/v2\/media\/620"}],"wp:attachment":[{"href":"https:\/\/www.peche-village-neuf.fr\/de\/wp-json\/wp\/v2\/media?parent=793"}],"curies":[{"name":"wp","href":"https:\/\/api.w.org\/{rel}","templated":true}]}}