{"id":791,"date":"2019-01-21T11:26:30","date_gmt":"2019-01-21T10:26:30","guid":{"rendered":"https:\/\/www.peche-village-neuf.fr\/?page_id=791"},"modified":"2025-02-09T19:13:42","modified_gmt":"2025-02-09T18:13:42","slug":"wort-des-praesidenten-quacksalber","status":"publish","type":"page","link":"https:\/\/www.peche-village-neuf.fr\/de\/der-verein-aappma\/wort-des-praesidenten-quacksalber\/","title":{"rendered":"Worten des Pr\u00e4sidenten"},"content":{"rendered":"<p>Liebe Angelfreunde!<\/p>\n<p>ich freue mich, Sie auf der gemeinsamen Internetseite der AAPPMA und der Amicale de p\u00eache du Quackery in Village- Neuf wiederzusehen.<\/p>\n<p>Die Geburt der Amicale de p\u00eache du Quackery im Jahr 2023 hat es erm\u00f6glicht, eine Vereinsstruktur zu schaffen, die die AAPPMA erg\u00e4nzt und deren Aufgabe die Verwaltung des Gew\u00e4ssers von Village-Neuf ist: Le Quackery.<\/p>\n<p>Somit beherbergt die Gemeinde Village- Neuf nun zwei Vereinsstrukturen f\u00fcr Freizeitangler, die auf demselben Gebiet angesiedelt sind, aber unterschiedliche Aufgaben haben.<\/p>\n<p>Mit rund 4000 Anglern ist die AAPPMA von Village- Neuf der gr\u00f6\u00dfte Fischereiverein des Departements Haut-Rhin. Der AAPPMA ist direkt dem Fischereiverband 68 angeschlossen, dessen gemeinsame Aufgaben folgende sind:<\/p>\n<p>F\u00f6rderung der Freizeitbesch\u00e4ftigung Angeln<br \/>\nSchutz und Aufwertung der aquatischen Umwelt<br \/>\nKontrolle und \u00dcberwachung der Freizeitfischerei und der Umwelt.<br \/>\nUm unseren treuen Anglern f\u00fcr ihre Mitgliedschaft zu danken, sind wir der einzige Verein in der Region der 3 Grenzen, der jedes Jahr einen Fischbesatz im Kanal von Huningue organisiert.<\/p>\n<p>Der Oberrhein ist reich an verschiedenen Gew\u00e4ssern (Seen, Fl\u00fcsse, Str\u00f6me&#8230;) und es mangelt nicht an M\u00f6glichkeiten und Orten zum Angeln:<\/p>\n<p>14 Bergseen<br \/>\n2000 km Fluss 1. Kategorie<br \/>\n2 touristische Strecken<br \/>\n5 Nachtkarpfenstrecken<br \/>\n8 No kill-Strecken<br \/>\n300 km Kan\u00e4le 2. Kategorie<br \/>\n900 km Flachlandfluss 2. Kategorie<br \/>\n3 f\u00f6derale Wasserfl\u00e4chen<br \/>\nHaben Sie Lust, uns bei unseren Projekten und Schritten zu unterst\u00fctzen?<\/p>\n<p>Dann z\u00f6gern Sie nicht l\u00e4nger und schlie\u00dfen Sie sich der AAPPMA von Village- Neuf an, indem Sie bei uns eine Angelkarte erwerben.<\/p>\n<p>Der Pr\u00e4sident: Emmanuel MISSLIN<\/p>\n<p>&nbsp;<\/p>\n<p><img loading=\"lazy\" decoding=\"async\" class=\"alignnone size-full wp-image-2281\" src=\"https:\/\/www.peche-village-neuf.fr\/wp-content\/uploads\/2023\/02\/Logo-actuel.jpg\" alt=\"\" width=\"500\" height=\"433\" srcset=\"https:\/\/www.peche-village-neuf.fr\/wp-content\/uploads\/2023\/02\/Logo-actuel.jpg 500w, https:\/\/www.peche-village-neuf.fr\/wp-content\/uploads\/2023\/02\/Logo-actuel-300x260.jpg 300w\" sizes=\"auto, (max-width: 500px) 100vw, 500px\" \/><\/p>\n<p>&nbsp;<\/p>\n<p>&nbsp;<\/p>\n","protected":false},"excerpt":{"rendered":"<p>Liebe Angelfreunde! ich freue mich, Sie auf der gemeinsamen Internetseite der AAPPMA und der Amicale de p\u00eache du Quackery in Village- Neuf wiederzusehen. Die Geburt der Amicale de p\u00eache du Quackery im Jahr 2023 hat es erm\u00f6glicht, eine Vereinsstruktur zu schaffen, die die AAPPMA erg\u00e4nzt und deren Aufgabe die Verwaltung des Gew\u00e4ssers von Village-Neuf ist: &hellip; <\/p>\n<p class=\"link-more\"><a href=\"https:\/\/www.peche-village-neuf.fr\/de\/der-verein-aappma\/wort-des-praesidenten-quacksalber\/\" class=\"more-link\">Continue reading<span class=\"screen-reader-text\"> &#8222;Worten des Pr\u00e4sidenten&#8220;<\/span><\/a><\/p>\n","protected":false},"author":1,"featured_media":1306,"parent":787,"menu_order":0,"comment_status":"closed","ping_status":"closed","template":"","meta":{"_acf_changed":false,"footnotes":""},"class_list":["post-791","page","type-page","status-publish","has-post-thumbnail","hentry"],"acf":[],"yoast_head":"<!-- This site is optimized with the Yoast SEO plugin v26.9 - https:\/\/yoast.com\/product\/yoast-seo-wordpress\/ -->\n<title>Worten des Pr\u00e4sidenten - AAPPMA Village-Neuf<\/title>\n<meta name=\"robots\" content=\"index, follow, max-snippet:-1, max-image-preview:large, max-video-preview:-1\" \/>\n<link rel=\"canonical\" href=\"https:\/\/www.peche-village-neuf.fr\/de\/der-verein-aappma\/wort-des-praesidenten-quacksalber\/\" \/>\n<meta property=\"og:locale\" content=\"de_DE\" \/>\n<meta property=\"og:type\" content=\"article\" \/>\n<meta property=\"og:title\" content=\"Worten des Pr\u00e4sidenten - AAPPMA Village-Neuf\" \/>\n<meta property=\"og:description\" content=\"Liebe Angelfreunde! ich freue mich, Sie auf der gemeinsamen Internetseite der AAPPMA und der Amicale de p\u00eache du Quackery in Village- Neuf wiederzusehen. Die Geburt der Amicale de p\u00eache du Quackery im Jahr 2023 hat es erm\u00f6glicht, eine Vereinsstruktur zu schaffen, die die AAPPMA erg\u00e4nzt und deren Aufgabe die Verwaltung des Gew\u00e4ssers von Village-Neuf ist: &hellip; Continue reading &quot;Worten des Pr\u00e4sidenten&quot;\" \/>\n<meta property=\"og:url\" content=\"https:\/\/www.peche-village-neuf.fr\/de\/der-verein-aappma\/wort-des-praesidenten-quacksalber\/\" \/>\n<meta property=\"og:site_name\" content=\"AAPPMA Village-Neuf\" \/>\n<meta property=\"article:modified_time\" content=\"2025-02-09T18:13:42+00:00\" \/>\n<meta property=\"og:image\" content=\"https:\/\/www.peche-village-neuf.fr\/wp-content\/uploads\/2019\/12\/site-net.jpg\" \/>\n\t<meta property=\"og:image:width\" content=\"2000\" \/>\n\t<meta property=\"og:image:height\" content=\"1125\" \/>\n\t<meta property=\"og:image:type\" content=\"image\/jpeg\" \/>\n<meta name=\"twitter:card\" content=\"summary_large_image\" \/>\n<meta name=\"twitter:label1\" content=\"Gesch\u00e4tzte Lesezeit\" \/>\n\t<meta name=\"twitter:data1\" content=\"2\u00a0Minuten\" \/>\n<script type=\"application\/ld+json\" class=\"yoast-schema-graph\">{\"@context\":\"https:\/\/schema.org\",\"@graph\":[{\"@type\":\"WebPage\",\"@id\":\"https:\/\/www.peche-village-neuf.fr\/de\/der-verein-aappma\/wort-des-praesidenten-quacksalber\/\",\"url\":\"https:\/\/www.peche-village-neuf.fr\/de\/der-verein-aappma\/wort-des-praesidenten-quacksalber\/\",\"name\":\"Worten des Pr\u00e4sidenten - AAPPMA Village-Neuf\",\"isPartOf\":{\"@id\":\"https:\/\/www.peche-village-neuf.fr\/de\/#website\"},\"primaryImageOfPage\":{\"@id\":\"https:\/\/www.peche-village-neuf.fr\/de\/der-verein-aappma\/wort-des-praesidenten-quacksalber\/#primaryimage\"},\"image\":{\"@id\":\"https:\/\/www.peche-village-neuf.fr\/de\/der-verein-aappma\/wort-des-praesidenten-quacksalber\/#primaryimage\"},\"thumbnailUrl\":\"https:\/\/www.peche-village-neuf.fr\/wp-content\/uploads\/2019\/12\/site-net.jpg\",\"datePublished\":\"2019-01-21T10:26:30+00:00\",\"dateModified\":\"2025-02-09T18:13:42+00:00\",\"breadcrumb\":{\"@id\":\"https:\/\/www.peche-village-neuf.fr\/de\/der-verein-aappma\/wort-des-praesidenten-quacksalber\/#breadcrumb\"},\"inLanguage\":\"de\",\"potentialAction\":[{\"@type\":\"ReadAction\",\"target\":[\"https:\/\/www.peche-village-neuf.fr\/de\/der-verein-aappma\/wort-des-praesidenten-quacksalber\/\"]}]},{\"@type\":\"ImageObject\",\"inLanguage\":\"de\",\"@id\":\"https:\/\/www.peche-village-neuf.fr\/de\/der-verein-aappma\/wort-des-praesidenten-quacksalber\/#primaryimage\",\"url\":\"https:\/\/www.peche-village-neuf.fr\/wp-content\/uploads\/2019\/12\/site-net.jpg\",\"contentUrl\":\"https:\/\/www.peche-village-neuf.fr\/wp-content\/uploads\/2019\/12\/site-net.jpg\",\"width\":2000,\"height\":1125},{\"@type\":\"BreadcrumbList\",\"@id\":\"https:\/\/www.peche-village-neuf.fr\/de\/der-verein-aappma\/wort-des-praesidenten-quacksalber\/#breadcrumb\",\"itemListElement\":[{\"@type\":\"ListItem\",\"position\":1,\"name\":\"Accueil\",\"item\":\"https:\/\/www.peche-village-neuf.fr\/de\/\"},{\"@type\":\"ListItem\",\"position\":2,\"name\":\"Der Verein AAPPMA\",\"item\":\"https:\/\/www.peche-village-neuf.fr\/de\/der-verein-aappma\/\"},{\"@type\":\"ListItem\",\"position\":3,\"name\":\"Worten des Pr\u00e4sidenten\"}]},{\"@type\":\"WebSite\",\"@id\":\"https:\/\/www.peche-village-neuf.fr\/de\/#website\",\"url\":\"https:\/\/www.peche-village-neuf.fr\/de\/\",\"name\":\"AAPPMA Village-Neuf\",\"description\":\"\",\"publisher\":{\"@id\":\"https:\/\/www.peche-village-neuf.fr\/de\/#organization\"},\"potentialAction\":[{\"@type\":\"SearchAction\",\"target\":{\"@type\":\"EntryPoint\",\"urlTemplate\":\"https:\/\/www.peche-village-neuf.fr\/de\/?s={search_term_string}\"},\"query-input\":{\"@type\":\"PropertyValueSpecification\",\"valueRequired\":true,\"valueName\":\"search_term_string\"}}],\"inLanguage\":\"de\"},{\"@type\":\"Organization\",\"@id\":\"https:\/\/www.peche-village-neuf.fr\/de\/#organization\",\"name\":\"AAPPMA Village-Neuf\",\"url\":\"https:\/\/www.peche-village-neuf.fr\/de\/\",\"logo\":{\"@type\":\"ImageObject\",\"inLanguage\":\"de\",\"@id\":\"https:\/\/www.peche-village-neuf.fr\/de\/#\/schema\/logo\/image\/\",\"url\":\"https:\/\/www.peche-village-neuf.fr\/wp-content\/uploads\/2023\/02\/cropped-logo_2023.png\",\"contentUrl\":\"https:\/\/www.peche-village-neuf.fr\/wp-content\/uploads\/2023\/02\/cropped-logo_2023.png\",\"width\":1168,\"height\":250,\"caption\":\"AAPPMA Village-Neuf\"},\"image\":{\"@id\":\"https:\/\/www.peche-village-neuf.fr\/de\/#\/schema\/logo\/image\/\"}}]}<\/script>\n<!-- \/ Yoast SEO plugin. -->","yoast_head_json":{"title":"Worten des Pr\u00e4sidenten - AAPPMA Village-Neuf","robots":{"index":"index","follow":"follow","max-snippet":"max-snippet:-1","max-image-preview":"max-image-preview:large","max-video-preview":"max-video-preview:-1"},"canonical":"https:\/\/www.peche-village-neuf.fr\/de\/der-verein-aappma\/wort-des-praesidenten-quacksalber\/","og_locale":"de_DE","og_type":"article","og_title":"Worten des Pr\u00e4sidenten - AAPPMA Village-Neuf","og_description":"Liebe Angelfreunde! ich freue mich, Sie auf der gemeinsamen Internetseite der AAPPMA und der Amicale de p\u00eache du Quackery in Village- Neuf wiederzusehen. Die Geburt der Amicale de p\u00eache du Quackery im Jahr 2023 hat es erm\u00f6glicht, eine Vereinsstruktur zu schaffen, die die AAPPMA erg\u00e4nzt und deren Aufgabe die Verwaltung des Gew\u00e4ssers von Village-Neuf ist: &hellip; Continue reading \"Worten des Pr\u00e4sidenten\"","og_url":"https:\/\/www.peche-village-neuf.fr\/de\/der-verein-aappma\/wort-des-praesidenten-quacksalber\/","og_site_name":"AAPPMA Village-Neuf","article_modified_time":"2025-02-09T18:13:42+00:00","og_image":[{"width":2000,"height":1125,"url":"https:\/\/www.peche-village-neuf.fr\/wp-content\/uploads\/2019\/12\/site-net.jpg","type":"image\/jpeg"}],"twitter_card":"summary_large_image","twitter_misc":{"Gesch\u00e4tzte Lesezeit":"2\u00a0Minuten"},"schema":{"@context":"https:\/\/schema.org","@graph":[{"@type":"WebPage","@id":"https:\/\/www.peche-village-neuf.fr\/de\/der-verein-aappma\/wort-des-praesidenten-quacksalber\/","url":"https:\/\/www.peche-village-neuf.fr\/de\/der-verein-aappma\/wort-des-praesidenten-quacksalber\/","name":"Worten des Pr\u00e4sidenten - AAPPMA Village-Neuf","isPartOf":{"@id":"https:\/\/www.peche-village-neuf.fr\/de\/#website"},"primaryImageOfPage":{"@id":"https:\/\/www.peche-village-neuf.fr\/de\/der-verein-aappma\/wort-des-praesidenten-quacksalber\/#primaryimage"},"image":{"@id":"https:\/\/www.peche-village-neuf.fr\/de\/der-verein-aappma\/wort-des-praesidenten-quacksalber\/#primaryimage"},"thumbnailUrl":"https:\/\/www.peche-village-neuf.fr\/wp-content\/uploads\/2019\/12\/site-net.jpg","datePublished":"2019-01-21T10:26:30+00:00","dateModified":"2025-02-09T18:13:42+00:00","breadcrumb":{"@id":"https:\/\/www.peche-village-neuf.fr\/de\/der-verein-aappma\/wort-des-praesidenten-quacksalber\/#breadcrumb"},"inLanguage":"de","potentialAction":[{"@type":"ReadAction","target":["https:\/\/www.peche-village-neuf.fr\/de\/der-verein-aappma\/wort-des-praesidenten-quacksalber\/"]}]},{"@type":"ImageObject","inLanguage":"de","@id":"https:\/\/www.peche-village-neuf.fr\/de\/der-verein-aappma\/wort-des-praesidenten-quacksalber\/#primaryimage","url":"https:\/\/www.peche-village-neuf.fr\/wp-content\/uploads\/2019\/12\/site-net.jpg","contentUrl":"https:\/\/www.peche-village-neuf.fr\/wp-content\/uploads\/2019\/12\/site-net.jpg","width":2000,"height":1125},{"@type":"BreadcrumbList","@id":"https:\/\/www.peche-village-neuf.fr\/de\/der-verein-aappma\/wort-des-praesidenten-quacksalber\/#breadcrumb","itemListElement":[{"@type":"ListItem","position":1,"name":"Accueil","item":"https:\/\/www.peche-village-neuf.fr\/de\/"},{"@type":"ListItem","position":2,"name":"Der Verein AAPPMA","item":"https:\/\/www.peche-village-neuf.fr\/de\/der-verein-aappma\/"},{"@type":"ListItem","position":3,"name":"Worten des Pr\u00e4sidenten"}]},{"@type":"WebSite","@id":"https:\/\/www.peche-village-neuf.fr\/de\/#website","url":"https:\/\/www.peche-village-neuf.fr\/de\/","name":"AAPPMA Village-Neuf","description":"","publisher":{"@id":"https:\/\/www.peche-village-neuf.fr\/de\/#organization"},"potentialAction":[{"@type":"SearchAction","target":{"@type":"EntryPoint","urlTemplate":"https:\/\/www.peche-village-neuf.fr\/de\/?s={search_term_string}"},"query-input":{"@type":"PropertyValueSpecification","valueRequired":true,"valueName":"search_term_string"}}],"inLanguage":"de"},{"@type":"Organization","@id":"https:\/\/www.peche-village-neuf.fr\/de\/#organization","name":"AAPPMA Village-Neuf","url":"https:\/\/www.peche-village-neuf.fr\/de\/","logo":{"@type":"ImageObject","inLanguage":"de","@id":"https:\/\/www.peche-village-neuf.fr\/de\/#\/schema\/logo\/image\/","url":"https:\/\/www.peche-village-neuf.fr\/wp-content\/uploads\/2023\/02\/cropped-logo_2023.png","contentUrl":"https:\/\/www.peche-village-neuf.fr\/wp-content\/uploads\/2023\/02\/cropped-logo_2023.png","width":1168,"height":250,"caption":"AAPPMA Village-Neuf"},"image":{"@id":"https:\/\/www.peche-village-neuf.fr\/de\/#\/schema\/logo\/image\/"}}]}},"_links":{"self":[{"href":"https:\/\/www.peche-village-neuf.fr\/de\/wp-json\/wp\/v2\/pages\/791","targetHints":{"allow":["GET"]}}],"collection":[{"href":"https:\/\/www.peche-village-neuf.fr\/de\/wp-json\/wp\/v2\/pages"}],"about":[{"href":"https:\/\/www.peche-village-neuf.fr\/de\/wp-json\/wp\/v2\/types\/page"}],"author":[{"embeddable":true,"href":"https:\/\/www.peche-village-neuf.fr\/de\/wp-json\/wp\/v2\/users\/1"}],"replies":[{"embeddable":true,"href":"https:\/\/www.peche-village-neuf.fr\/de\/wp-json\/wp\/v2\/comments?post=791"}],"version-history":[{"count":11,"href":"https:\/\/www.peche-village-neuf.fr\/de\/wp-json\/wp\/v2\/pages\/791\/revisions"}],"predecessor-version":[{"id":2782,"href":"https:\/\/www.peche-village-neuf.fr\/de\/wp-json\/wp\/v2\/pages\/791\/revisions\/2782"}],"up":[{"embeddable":true,"href":"https:\/\/www.peche-village-neuf.fr\/de\/wp-json\/wp\/v2\/pages\/787"}],"wp:featuredmedia":[{"embeddable":true,"href":"https:\/\/www.peche-village-neuf.fr\/de\/wp-json\/wp\/v2\/media\/1306"}],"wp:attachment":[{"href":"https:\/\/www.peche-village-neuf.fr\/de\/wp-json\/wp\/v2\/media?parent=791"}],"curies":[{"name":"wp","href":"https:\/\/api.w.org\/{rel}","templated":true}]}}