{"id":2368,"date":"2023-02-18T09:43:42","date_gmt":"2023-02-18T08:43:42","guid":{"rendered":"https:\/\/www.peche-village-neuf.fr\/?page_id=2368"},"modified":"2023-04-21T13:50:44","modified_gmt":"2023-04-21T11:50:44","slug":"worten-des-praesident","status":"publish","type":"page","link":"https:\/\/www.peche-village-neuf.fr\/de\/worten-des-praesident\/","title":{"rendered":"Worten des Pr\u00e4sidenten"},"content":{"rendered":"<p>Willkommen auf der Website der Fischer von Village-Neuf, neue Formel!<\/p>\n<p>Ein gro\u00dfer Teil der Website wurde Anfang 2023 aus mehreren Gr\u00fcnden ge\u00e4ndert. Die wichtigste ist die Gr\u00fcndung einer neuen Vereinigung namens Amicale de P\u00eache du Quackery.<\/p>\n<p>Diese neue Vereinigung erg\u00e4nzt die der AAPPMA von Village-Neuf und erm\u00f6glicht gleichzeitig eine unabh\u00e4ngige Verwaltung der Fischereiaktivit\u00e4ten auf unserem Teich, unabh\u00e4ngig von den Aktivit\u00e4ten, die im \u00f6ffentlichen Bereich unter der \u00c4gide der AAPPMA angeboten werden.<\/p>\n<p>Dies erkl\u00e4rt die Unterscheidung der auf der Website verf\u00fcgbaren Abschnitte zwischen der AAPPMA und der Amicale de P\u00eache.<\/p>\n<p>Diese neue Formel wurde entwickelt, um den Besuch unserer Website so angenehm und einfach wie m\u00f6glich zu gestalten und gleichzeitig die unterschiedlichen T\u00e4tigkeitsbereiche der einzelnen Verb\u00e4nde zu ber\u00fccksichtigen.<\/p>\n<p>Die Hauptziele unserer Website konzentrieren sich unter anderem auf die Pr\u00e4sentation der Orte, die M\u00f6glichkeit, alle angebotenen Arten von Angelkarten zu erwerben, die Wichtigkeit, die Fischereivorschriften von Quackery zu kennen, die gemeinsame Nutzung von Vereinsaktivit\u00e4ten.<\/p>\n<p>Wir hoffen, dass dieses Webtool Ihre Erwartungen erf\u00fcllt und Sie Lust macht, mit uns am Teich in Ruhe zu fischen.<\/p>\n<p>Bis bald,<\/p>\n<p>Arnaud Ecker<\/p>\n<p>Pr\u00e4sident der Quacksalber-Fischerei-Vereinigung<\/p>\n<p><img loading=\"lazy\" decoding=\"async\" class=\"alignnone  wp-image-2308\" src=\"https:\/\/www.peche-village-neuf.fr\/wp-content\/uploads\/2023\/02\/Logo-V2-768x358-1-300x140.webp\" alt=\"\" width=\"394\" height=\"184\" srcset=\"https:\/\/www.peche-village-neuf.fr\/wp-content\/uploads\/2023\/02\/Logo-V2-768x358-1-300x140.webp 300w, https:\/\/www.peche-village-neuf.fr\/wp-content\/uploads\/2023\/02\/Logo-V2-768x358-1.webp 768w\" sizes=\"auto, (max-width: 394px) 100vw, 394px\" \/><\/p>\n","protected":false},"excerpt":{"rendered":"<p>Willkommen auf der Website der Fischer von Village-Neuf, neue Formel! Ein gro\u00dfer Teil der Website wurde Anfang 2023 aus mehreren Gr\u00fcnden ge\u00e4ndert. Die wichtigste ist die Gr\u00fcndung einer neuen Vereinigung namens Amicale de P\u00eache du Quackery. Diese neue Vereinigung erg\u00e4nzt die der AAPPMA von Village-Neuf und erm\u00f6glicht gleichzeitig eine unabh\u00e4ngige Verwaltung der Fischereiaktivit\u00e4ten auf unserem &hellip; <\/p>\n<p class=\"link-more\"><a href=\"https:\/\/www.peche-village-neuf.fr\/de\/worten-des-praesident\/\" class=\"more-link\">Continue reading<span class=\"screen-reader-text\"> &#8222;Worten des Pr\u00e4sidenten&#8220;<\/span><\/a><\/p>\n","protected":false},"author":5,"featured_media":0,"parent":0,"menu_order":0,"comment_status":"closed","ping_status":"closed","template":"","meta":{"_acf_changed":false,"footnotes":""},"class_list":["post-2368","page","type-page","status-publish","hentry"],"acf":[],"yoast_head":"<!-- This site is optimized with the Yoast SEO plugin v26.9 - https:\/\/yoast.com\/product\/yoast-seo-wordpress\/ -->\n<title>Worten des Pr\u00e4sidenten - AAPPMA Village-Neuf<\/title>\n<meta name=\"robots\" content=\"index, follow, max-snippet:-1, max-image-preview:large, max-video-preview:-1\" \/>\n<link rel=\"canonical\" href=\"https:\/\/www.peche-village-neuf.fr\/de\/worten-des-praesident\/\" \/>\n<meta property=\"og:locale\" content=\"de_DE\" \/>\n<meta property=\"og:type\" content=\"article\" \/>\n<meta property=\"og:title\" content=\"Worten des Pr\u00e4sidenten - AAPPMA Village-Neuf\" \/>\n<meta property=\"og:description\" content=\"Willkommen auf der Website der Fischer von Village-Neuf, neue Formel! Ein gro\u00dfer Teil der Website wurde Anfang 2023 aus mehreren Gr\u00fcnden ge\u00e4ndert. Die wichtigste ist die Gr\u00fcndung einer neuen Vereinigung namens Amicale de P\u00eache du Quackery. Diese neue Vereinigung erg\u00e4nzt die der AAPPMA von Village-Neuf und erm\u00f6glicht gleichzeitig eine unabh\u00e4ngige Verwaltung der Fischereiaktivit\u00e4ten auf unserem &hellip; Continue reading &quot;Worten des Pr\u00e4sidenten&quot;\" \/>\n<meta property=\"og:url\" content=\"https:\/\/www.peche-village-neuf.fr\/de\/worten-des-praesident\/\" \/>\n<meta property=\"og:site_name\" content=\"AAPPMA Village-Neuf\" \/>\n<meta property=\"article:modified_time\" content=\"2023-04-21T11:50:44+00:00\" \/>\n<meta property=\"og:image\" content=\"https:\/\/www.peche-village-neuf.fr\/wp-content\/uploads\/2023\/02\/Logo-V2-768x358-1-300x140.webp\" \/>\n<meta name=\"twitter:card\" content=\"summary_large_image\" \/>\n<meta name=\"twitter:label1\" content=\"Gesch\u00e4tzte Lesezeit\" \/>\n\t<meta name=\"twitter:data1\" content=\"2\u00a0Minuten\" \/>\n<script type=\"application\/ld+json\" class=\"yoast-schema-graph\">{\"@context\":\"https:\/\/schema.org\",\"@graph\":[{\"@type\":\"WebPage\",\"@id\":\"https:\/\/www.peche-village-neuf.fr\/de\/worten-des-praesident\/\",\"url\":\"https:\/\/www.peche-village-neuf.fr\/de\/worten-des-praesident\/\",\"name\":\"Worten des Pr\u00e4sidenten - AAPPMA Village-Neuf\",\"isPartOf\":{\"@id\":\"https:\/\/www.peche-village-neuf.fr\/de\/#website\"},\"primaryImageOfPage\":{\"@id\":\"https:\/\/www.peche-village-neuf.fr\/de\/worten-des-praesident\/#primaryimage\"},\"image\":{\"@id\":\"https:\/\/www.peche-village-neuf.fr\/de\/worten-des-praesident\/#primaryimage\"},\"thumbnailUrl\":\"https:\/\/www.peche-village-neuf.fr\/wp-content\/uploads\/2023\/02\/Logo-V2-768x358-1-300x140.webp\",\"datePublished\":\"2023-02-18T08:43:42+00:00\",\"dateModified\":\"2023-04-21T11:50:44+00:00\",\"breadcrumb\":{\"@id\":\"https:\/\/www.peche-village-neuf.fr\/de\/worten-des-praesident\/#breadcrumb\"},\"inLanguage\":\"de\",\"potentialAction\":[{\"@type\":\"ReadAction\",\"target\":[\"https:\/\/www.peche-village-neuf.fr\/de\/worten-des-praesident\/\"]}]},{\"@type\":\"ImageObject\",\"inLanguage\":\"de\",\"@id\":\"https:\/\/www.peche-village-neuf.fr\/de\/worten-des-praesident\/#primaryimage\",\"url\":\"https:\/\/www.peche-village-neuf.fr\/wp-content\/uploads\/2023\/02\/Logo-V2-768x358-1-300x140.webp\",\"contentUrl\":\"https:\/\/www.peche-village-neuf.fr\/wp-content\/uploads\/2023\/02\/Logo-V2-768x358-1-300x140.webp\"},{\"@type\":\"BreadcrumbList\",\"@id\":\"https:\/\/www.peche-village-neuf.fr\/de\/worten-des-praesident\/#breadcrumb\",\"itemListElement\":[{\"@type\":\"ListItem\",\"position\":1,\"name\":\"Accueil\",\"item\":\"https:\/\/www.peche-village-neuf.fr\/de\/\"},{\"@type\":\"ListItem\",\"position\":2,\"name\":\"Worten des Pr\u00e4sidenten\"}]},{\"@type\":\"WebSite\",\"@id\":\"https:\/\/www.peche-village-neuf.fr\/de\/#website\",\"url\":\"https:\/\/www.peche-village-neuf.fr\/de\/\",\"name\":\"AAPPMA Village-Neuf\",\"description\":\"\",\"publisher\":{\"@id\":\"https:\/\/www.peche-village-neuf.fr\/de\/#organization\"},\"potentialAction\":[{\"@type\":\"SearchAction\",\"target\":{\"@type\":\"EntryPoint\",\"urlTemplate\":\"https:\/\/www.peche-village-neuf.fr\/de\/?s={search_term_string}\"},\"query-input\":{\"@type\":\"PropertyValueSpecification\",\"valueRequired\":true,\"valueName\":\"search_term_string\"}}],\"inLanguage\":\"de\"},{\"@type\":\"Organization\",\"@id\":\"https:\/\/www.peche-village-neuf.fr\/de\/#organization\",\"name\":\"AAPPMA Village-Neuf\",\"url\":\"https:\/\/www.peche-village-neuf.fr\/de\/\",\"logo\":{\"@type\":\"ImageObject\",\"inLanguage\":\"de\",\"@id\":\"https:\/\/www.peche-village-neuf.fr\/de\/#\/schema\/logo\/image\/\",\"url\":\"https:\/\/www.peche-village-neuf.fr\/wp-content\/uploads\/2023\/02\/cropped-logo_2023.png\",\"contentUrl\":\"https:\/\/www.peche-village-neuf.fr\/wp-content\/uploads\/2023\/02\/cropped-logo_2023.png\",\"width\":1168,\"height\":250,\"caption\":\"AAPPMA Village-Neuf\"},\"image\":{\"@id\":\"https:\/\/www.peche-village-neuf.fr\/de\/#\/schema\/logo\/image\/\"}}]}<\/script>\n<!-- \/ Yoast SEO plugin. -->","yoast_head_json":{"title":"Worten des Pr\u00e4sidenten - AAPPMA Village-Neuf","robots":{"index":"index","follow":"follow","max-snippet":"max-snippet:-1","max-image-preview":"max-image-preview:large","max-video-preview":"max-video-preview:-1"},"canonical":"https:\/\/www.peche-village-neuf.fr\/de\/worten-des-praesident\/","og_locale":"de_DE","og_type":"article","og_title":"Worten des Pr\u00e4sidenten - AAPPMA Village-Neuf","og_description":"Willkommen auf der Website der Fischer von Village-Neuf, neue Formel! Ein gro\u00dfer Teil der Website wurde Anfang 2023 aus mehreren Gr\u00fcnden ge\u00e4ndert. Die wichtigste ist die Gr\u00fcndung einer neuen Vereinigung namens Amicale de P\u00eache du Quackery. Diese neue Vereinigung erg\u00e4nzt die der AAPPMA von Village-Neuf und erm\u00f6glicht gleichzeitig eine unabh\u00e4ngige Verwaltung der Fischereiaktivit\u00e4ten auf unserem &hellip; Continue reading \"Worten des Pr\u00e4sidenten\"","og_url":"https:\/\/www.peche-village-neuf.fr\/de\/worten-des-praesident\/","og_site_name":"AAPPMA Village-Neuf","article_modified_time":"2023-04-21T11:50:44+00:00","og_image":[{"url":"https:\/\/www.peche-village-neuf.fr\/wp-content\/uploads\/2023\/02\/Logo-V2-768x358-1-300x140.webp","type":"","width":"","height":""}],"twitter_card":"summary_large_image","twitter_misc":{"Gesch\u00e4tzte Lesezeit":"2\u00a0Minuten"},"schema":{"@context":"https:\/\/schema.org","@graph":[{"@type":"WebPage","@id":"https:\/\/www.peche-village-neuf.fr\/de\/worten-des-praesident\/","url":"https:\/\/www.peche-village-neuf.fr\/de\/worten-des-praesident\/","name":"Worten des Pr\u00e4sidenten - AAPPMA Village-Neuf","isPartOf":{"@id":"https:\/\/www.peche-village-neuf.fr\/de\/#website"},"primaryImageOfPage":{"@id":"https:\/\/www.peche-village-neuf.fr\/de\/worten-des-praesident\/#primaryimage"},"image":{"@id":"https:\/\/www.peche-village-neuf.fr\/de\/worten-des-praesident\/#primaryimage"},"thumbnailUrl":"https:\/\/www.peche-village-neuf.fr\/wp-content\/uploads\/2023\/02\/Logo-V2-768x358-1-300x140.webp","datePublished":"2023-02-18T08:43:42+00:00","dateModified":"2023-04-21T11:50:44+00:00","breadcrumb":{"@id":"https:\/\/www.peche-village-neuf.fr\/de\/worten-des-praesident\/#breadcrumb"},"inLanguage":"de","potentialAction":[{"@type":"ReadAction","target":["https:\/\/www.peche-village-neuf.fr\/de\/worten-des-praesident\/"]}]},{"@type":"ImageObject","inLanguage":"de","@id":"https:\/\/www.peche-village-neuf.fr\/de\/worten-des-praesident\/#primaryimage","url":"https:\/\/www.peche-village-neuf.fr\/wp-content\/uploads\/2023\/02\/Logo-V2-768x358-1-300x140.webp","contentUrl":"https:\/\/www.peche-village-neuf.fr\/wp-content\/uploads\/2023\/02\/Logo-V2-768x358-1-300x140.webp"},{"@type":"BreadcrumbList","@id":"https:\/\/www.peche-village-neuf.fr\/de\/worten-des-praesident\/#breadcrumb","itemListElement":[{"@type":"ListItem","position":1,"name":"Accueil","item":"https:\/\/www.peche-village-neuf.fr\/de\/"},{"@type":"ListItem","position":2,"name":"Worten des Pr\u00e4sidenten"}]},{"@type":"WebSite","@id":"https:\/\/www.peche-village-neuf.fr\/de\/#website","url":"https:\/\/www.peche-village-neuf.fr\/de\/","name":"AAPPMA Village-Neuf","description":"","publisher":{"@id":"https:\/\/www.peche-village-neuf.fr\/de\/#organization"},"potentialAction":[{"@type":"SearchAction","target":{"@type":"EntryPoint","urlTemplate":"https:\/\/www.peche-village-neuf.fr\/de\/?s={search_term_string}"},"query-input":{"@type":"PropertyValueSpecification","valueRequired":true,"valueName":"search_term_string"}}],"inLanguage":"de"},{"@type":"Organization","@id":"https:\/\/www.peche-village-neuf.fr\/de\/#organization","name":"AAPPMA Village-Neuf","url":"https:\/\/www.peche-village-neuf.fr\/de\/","logo":{"@type":"ImageObject","inLanguage":"de","@id":"https:\/\/www.peche-village-neuf.fr\/de\/#\/schema\/logo\/image\/","url":"https:\/\/www.peche-village-neuf.fr\/wp-content\/uploads\/2023\/02\/cropped-logo_2023.png","contentUrl":"https:\/\/www.peche-village-neuf.fr\/wp-content\/uploads\/2023\/02\/cropped-logo_2023.png","width":1168,"height":250,"caption":"AAPPMA Village-Neuf"},"image":{"@id":"https:\/\/www.peche-village-neuf.fr\/de\/#\/schema\/logo\/image\/"}}]}},"_links":{"self":[{"href":"https:\/\/www.peche-village-neuf.fr\/de\/wp-json\/wp\/v2\/pages\/2368","targetHints":{"allow":["GET"]}}],"collection":[{"href":"https:\/\/www.peche-village-neuf.fr\/de\/wp-json\/wp\/v2\/pages"}],"about":[{"href":"https:\/\/www.peche-village-neuf.fr\/de\/wp-json\/wp\/v2\/types\/page"}],"author":[{"embeddable":true,"href":"https:\/\/www.peche-village-neuf.fr\/de\/wp-json\/wp\/v2\/users\/5"}],"replies":[{"embeddable":true,"href":"https:\/\/www.peche-village-neuf.fr\/de\/wp-json\/wp\/v2\/comments?post=2368"}],"version-history":[{"count":4,"href":"https:\/\/www.peche-village-neuf.fr\/de\/wp-json\/wp\/v2\/pages\/2368\/revisions"}],"predecessor-version":[{"id":2473,"href":"https:\/\/www.peche-village-neuf.fr\/de\/wp-json\/wp\/v2\/pages\/2368\/revisions\/2473"}],"wp:attachment":[{"href":"https:\/\/www.peche-village-neuf.fr\/de\/wp-json\/wp\/v2\/media?parent=2368"}],"curies":[{"name":"wp","href":"https:\/\/api.w.org\/{rel}","templated":true}]}}